{"id":7710,"date":"2019-08-08T11:51:13","date_gmt":"2019-08-08T14:51:13","guid":{"rendered":"http:\/\/personalbiker.com.br\/lojapb\/?post_type=product&#038;p=7710"},"modified":"2022-08-22T16:27:31","modified_gmt":"2022-08-22T19:27:31","slug":"pneu-300-21-remold","status":"publish","type":"product","link":"https:\/\/personalbiker.com.br\/lojapb\/produto\/pneu-300-21-remold\/","title":{"rendered":"Pneu 300-21 Remold"},"content":{"rendered":"","protected":false},"excerpt":{"rendered":"<p><strong>Aplica\u00e7\u00e3o Original Dianteiro:<\/strong><br \/>\nHONDA: CRM 125, CR 125\/250, MTX 125, XR 250 TORNADO\/400\/600, XL 250\/600 V TRANSALP\/650 V TRANSALP, XRE 300, NX 4 FALCON 400\/650 N DOMINATOR e XRV 750 AFRICA TWIN<br \/>\nKAWASAKI: KX 125\/250, KDX 200\/220, KLX 250R e KLE 500<br \/>\nSUZUKI: DR 600\/650\/750\/800<br \/>\nYAMAHA: DT 200\/200R, WR 250F, XT 250\/350\/600\/600E\/600 e 660Z T\u00c9N\u00c9R\u00c9\/600R,XTZ 660 T\u00c9N\u00c9R\u00c9<\/p>\n<p><strong>Constru\u00e7\u00e3o:\u00a0<\/strong>CONVENCIONAL (COM C\u00c2MARA DE AR)<\/p>\n","protected":false},"featured_media":7711,"template":"","meta":[],"product_brand":[],"product_cat":[67],"product_tag":[],"class_list":{"0":"post-7710","1":"product","2":"type-product","3":"status-publish","4":"has-post-thumbnail","6":"product_cat-pneu-moto","8":"first","9":"outofstock","10":"shipping-taxable","11":"purchasable","12":"product-type-simple"},"_links":{"self":[{"href":"https:\/\/personalbiker.com.br\/lojapb\/wp-json\/wp\/v2\/product\/7710","targetHints":{"allow":["GET"]}}],"collection":[{"href":"https:\/\/personalbiker.com.br\/lojapb\/wp-json\/wp\/v2\/product"}],"about":[{"href":"https:\/\/personalbiker.com.br\/lojapb\/wp-json\/wp\/v2\/types\/product"}],"wp:featuredmedia":[{"embeddable":true,"href":"https:\/\/personalbiker.com.br\/lojapb\/wp-json\/wp\/v2\/media\/7711"}],"wp:attachment":[{"href":"https:\/\/personalbiker.com.br\/lojapb\/wp-json\/wp\/v2\/media?parent=7710"}],"wp:term":[{"taxonomy":"product_brand","embeddable":true,"href":"https:\/\/personalbiker.com.br\/lojapb\/wp-json\/wp\/v2\/product_brand?post=7710"},{"taxonomy":"product_cat","embeddable":true,"href":"https:\/\/personalbiker.com.br\/lojapb\/wp-json\/wp\/v2\/product_cat?post=7710"},{"taxonomy":"product_tag","embeddable":true,"href":"https:\/\/personalbiker.com.br\/lojapb\/wp-json\/wp\/v2\/product_tag?post=7710"}],"curies":[{"name":"wp","href":"https:\/\/api.w.org\/{rel}","templated":true}]}}