{"id":7670,"date":"2019-07-31T15:59:14","date_gmt":"2019-07-31T18:59:14","guid":{"rendered":"http:\/\/personalbiker.com.br\/lojapb\/?post_type=product&#038;p=7670"},"modified":"2022-08-16T16:07:44","modified_gmt":"2022-08-16T19:07:44","slug":"antena-corta-pipa-retratil-at-02","status":"publish","type":"product","link":"https:\/\/personalbiker.com.br\/lojapb\/produto\/antena-corta-pipa-retratil-at-02\/","title":{"rendered":"Antena Corta Pipa Retr\u00e1til at -02"},"content":{"rendered":"","protected":false},"excerpt":{"rendered":"<p>Antena Corta Pipa Retr\u00e1til Pro Tork\u00a0 Desenhada Especialmente Para Ser Instalada No Guid\u00e3o De Sua Moto,<\/p>\n<p>O Aparador De Linha, Conhecido Como Antena Corta Pipa, Est\u00e1 Regulamentado Com Base Nas Resolu\u00e7\u00f5es Do Contran Que Estabelece Requisitos M\u00ednimos De Seguran\u00e7a Para Todos Aqueles Que Exercem Atividade Para Transporte Remunerado De Passageiros Ou Cargas.<\/p>\n<p>A Antena Corta Pipa Deve Ser Instalada Pr\u00f3xima A Manopla Do Guid\u00e3o Da Moto Para Auxiliar No Rompimento Da Linha De Pipa Evitando Maiores Acidentes Causado Por Linhas Que Contenham Cerol Ou N\u00e3o.<\/p>\n<p>Essa Antena \u00c9 O Modelo Retr\u00e1til Possuindo 65,5 Cent\u00edmetros De Altura, 7 Est\u00e1gios De Regulagem, Lembrando Que A Mesma Dever\u00e1 Ser Esticada At\u00e9 A Altura Da Parte Superior Da Cabe\u00e7a Do Condutor, Na Posi\u00e7\u00e3o Sentado.<\/p>\n<p>Especifica\u00e7\u00f5es T\u00e9cnicas:<\/p>\n<p>Produto Feito Em A\u00e7o Cromado Comprimento 65,5 Cm Extentida E Fechada 12,5 Cm F\u00e1cil Instala\u00e7\u00e3o<\/p>\n<p>Abra\u00e7adeira Em Alum\u00ednio Indicada Para Instalar No Guid\u00e3o Da Moto De 22mm. (7\/8) De Espessura, Pr\u00f3ximo A Manopla.<\/p>\n<p>Produto De Acordo Com O Contran ? Resolu\u00e7\u00e3o N\u00ba 356 De 2 De Agosto De 2010. Produtos Com Qualidade S\u00f3 Na Ad Store.<br \/>\nTodas as informa\u00e7\u00f5es divulgadas s\u00e3o de responsabilidade do fabricante\/fornecedor.<br \/>\nImagens Meramente Ilustrativas.<\/p>\n","protected":false},"featured_media":7671,"template":"","meta":[],"product_brand":[],"product_cat":[249],"product_tag":[],"class_list":{"0":"post-7670","1":"product","2":"type-product","3":"status-publish","4":"has-post-thumbnail","6":"product_cat-pecas-p-motos","8":"first","9":"outofstock","10":"shipping-taxable","11":"purchasable","12":"product-type-simple"},"_links":{"self":[{"href":"https:\/\/personalbiker.com.br\/lojapb\/wp-json\/wp\/v2\/product\/7670","targetHints":{"allow":["GET"]}}],"collection":[{"href":"https:\/\/personalbiker.com.br\/lojapb\/wp-json\/wp\/v2\/product"}],"about":[{"href":"https:\/\/personalbiker.com.br\/lojapb\/wp-json\/wp\/v2\/types\/product"}],"wp:featuredmedia":[{"embeddable":true,"href":"https:\/\/personalbiker.com.br\/lojapb\/wp-json\/wp\/v2\/media\/7671"}],"wp:attachment":[{"href":"https:\/\/personalbiker.com.br\/lojapb\/wp-json\/wp\/v2\/media?parent=7670"}],"wp:term":[{"taxonomy":"product_brand","embeddable":true,"href":"https:\/\/personalbiker.com.br\/lojapb\/wp-json\/wp\/v2\/product_brand?post=7670"},{"taxonomy":"product_cat","embeddable":true,"href":"https:\/\/personalbiker.com.br\/lojapb\/wp-json\/wp\/v2\/product_cat?post=7670"},{"taxonomy":"product_tag","embeddable":true,"href":"https:\/\/personalbiker.com.br\/lojapb\/wp-json\/wp\/v2\/product_tag?post=7670"}],"curies":[{"name":"wp","href":"https:\/\/api.w.org\/{rel}","templated":true}]}}