{"id":7454,"date":"2019-07-13T09:41:53","date_gmt":"2019-07-13T12:41:53","guid":{"rendered":"http:\/\/personalbiker.com.br\/lojapb\/?post_type=product&#038;p=7454"},"modified":"2022-08-16T15:11:05","modified_gmt":"2022-08-16T18:11:05","slug":"suporte-gps-smartphone-bike-moto-5-5-mt21","status":"publish","type":"product","link":"https:\/\/personalbiker.com.br\/lojapb\/produto\/suporte-gps-smartphone-bike-moto-5-5-mt21\/","title":{"rendered":"Suporte GPS Smartphone Bike moto  5.5 MT21"},"content":{"rendered":"","protected":false},"excerpt":{"rendered":"<p>Suporte para celular Smartphone<br \/>\nSuporte para guid\u00e3o de moto e bike bicicleta<br \/>\nO suporte conta com uma pel\u00edcula imperme\u00e1vel<br \/>\nCom veda\u00e7\u00e3o a z\u00edper<br \/>\nPl\u00e1stico de alta durabilidade<br \/>\nAjust\u00e1vel em varias posi\u00e7\u00f5es<br \/>\nPel\u00edcula transparente<br \/>\nVeda\u00e7\u00e3o contra \u00e1gua chuva<br \/>\nsuporta diversos tamanhos de aparelhos<br \/>\ntamanho m\u00e1ximo suportado de at\u00e9 15&#215;8 cm (5,5&#8243;)<br \/>\nConte\u00fado:<br \/>\n1 suporte<\/p>\n<p>imagens meramente ilustrativas<\/p>\n","protected":false},"featured_media":7451,"template":"","meta":[],"product_brand":[],"product_cat":[260],"product_tag":[],"class_list":{"0":"post-7454","1":"product","2":"type-product","3":"status-publish","4":"has-post-thumbnail","6":"product_cat-bolsa-pochetes-acessorios","8":"first","9":"instock","10":"shipping-taxable","11":"purchasable","12":"product-type-simple"},"_links":{"self":[{"href":"https:\/\/personalbiker.com.br\/lojapb\/wp-json\/wp\/v2\/product\/7454","targetHints":{"allow":["GET"]}}],"collection":[{"href":"https:\/\/personalbiker.com.br\/lojapb\/wp-json\/wp\/v2\/product"}],"about":[{"href":"https:\/\/personalbiker.com.br\/lojapb\/wp-json\/wp\/v2\/types\/product"}],"wp:featuredmedia":[{"embeddable":true,"href":"https:\/\/personalbiker.com.br\/lojapb\/wp-json\/wp\/v2\/media\/7451"}],"wp:attachment":[{"href":"https:\/\/personalbiker.com.br\/lojapb\/wp-json\/wp\/v2\/media?parent=7454"}],"wp:term":[{"taxonomy":"product_brand","embeddable":true,"href":"https:\/\/personalbiker.com.br\/lojapb\/wp-json\/wp\/v2\/product_brand?post=7454"},{"taxonomy":"product_cat","embeddable":true,"href":"https:\/\/personalbiker.com.br\/lojapb\/wp-json\/wp\/v2\/product_cat?post=7454"},{"taxonomy":"product_tag","embeddable":true,"href":"https:\/\/personalbiker.com.br\/lojapb\/wp-json\/wp\/v2\/product_tag?post=7454"}],"curies":[{"name":"wp","href":"https:\/\/api.w.org\/{rel}","templated":true}]}}