{"id":7410,"date":"2019-07-11T10:04:32","date_gmt":"2019-07-11T13:04:32","guid":{"rendered":"http:\/\/personalbiker.com.br\/lojapb\/?post_type=product&#038;p=7410"},"modified":"2020-07-15T16:47:47","modified_gmt":"2020-07-15T19:47:47","slug":"bicicleta-eletrica-h-bike-hbc2-retro","status":"publish","type":"product","link":"https:\/\/personalbiker.com.br\/lojapb\/produto\/bicicleta-eletrica-h-bike-hbc2-retro\/","title":{"rendered":"Bicicleta El\u00e9trica H-bike Hbc2 Retr\u00f4"},"content":{"rendered":"","protected":false},"excerpt":{"rendered":"<p>Marca H-Bike<br \/>\nModelo HBC2<\/p>\n<p>Descri\u00e7\u00e3o<br \/>\nLevando em conta os impactos ambientais cada vez mais crescentes em nossa planeta, se torna mais evidente a necessidade de utilizar outras fontes de energia. Pensando nisso, a H-Bike Brasil tem como miss\u00e3o auxiliar na introdu\u00e7\u00e3o de ve\u00edculos movidos a eletricidade no cotidiano, tentando mostrar \u00e0 popula\u00e7\u00e3o essa forma de transporte alternativo que cresce e se aprimora a cada dia.<\/p>\n<p>Mais do que um estilo de vida, uma decis\u00e3o inteligente!<\/p>\n<p>Motor<br \/>\n350W. sem escovas 350W traseiro<\/p>\n<p>Bateria : L\u00edtio 48V 10Ah<\/p>\n<p>Bicicleta: Aro 24\u201d em metal<\/p>\n<p>Carregador<br \/>\n48 v 2Ah.<\/p>\n<p>Alcance Assistido<br \/>\nAt\u00e9 50 km.<\/p>\n<p>PAS pedal assistido: Eletr\u00f4nico com bot\u00e3o liga\/desliga<br \/>\nAcelerador de punho: Com painel mostrador de carga<br \/>\nManetes de Freio: Sim<br \/>\nFarol dianteiro: Sim<br \/>\nLanterna traseira: Sim<br \/>\nCaixa quadro: 124x62x30 24kg<br \/>\nCaixa rodas: 60x71x28 11kg<\/p>\n<p>Velocidade M\u00e1xima<br \/>\n35km\/h<\/p>\n<p>Modos de Assist\u00eancia<br \/>\n3 n\u00edveis<\/p>\n<p>Transmiss\u00e3o<br \/>\nCatraca \u00fanica<\/p>\n<p>Capacidade de Carga<br \/>\nAt\u00e9 150 kg.<\/p>\n<p>Prote\u00e7\u00f5es<br \/>\nTrava de roda, com chave e ilumina\u00e7\u00e3o de assist\u00eancia<\/p>\n<p>Peso da Bicicleta<br \/>\n35kg<\/p>\n<p>Freios<br \/>\nTambor<\/p>\n<p>Pneus<br \/>\nPneus multi-terreno<\/p>\n<p>Ilumina\u00e7\u00e3o<br \/>\nFarol LED com buzina<\/p>\n<p>Refletores<br \/>\nNas rodas<\/p>\n<p>Acess\u00f3rios<br \/>\nBanco carona traseiro com sup<\/p>\n<p>imagens meramente ilustrativas<\/p>\n<p>&nbsp;<\/p>\n<p>aten\u00e7\u00e3o : produto somente enviado por transportadora com frete pago pelo cliente<\/p>\n","protected":false},"featured_media":9388,"template":"","meta":[],"product_brand":[],"product_cat":[327],"product_tag":[],"class_list":{"0":"post-7410","1":"product","2":"type-product","3":"status-publish","4":"has-post-thumbnail","6":"product_cat-bicicleta-eletrica-350w-com-bateria-de-litio","7":"pa_cor-branco","9":"first","10":"outofstock","11":"shipping-taxable","12":"purchasable","13":"product-type-simple"},"_links":{"self":[{"href":"https:\/\/personalbiker.com.br\/lojapb\/wp-json\/wp\/v2\/product\/7410","targetHints":{"allow":["GET"]}}],"collection":[{"href":"https:\/\/personalbiker.com.br\/lojapb\/wp-json\/wp\/v2\/product"}],"about":[{"href":"https:\/\/personalbiker.com.br\/lojapb\/wp-json\/wp\/v2\/types\/product"}],"wp:featuredmedia":[{"embeddable":true,"href":"https:\/\/personalbiker.com.br\/lojapb\/wp-json\/wp\/v2\/media\/9388"}],"wp:attachment":[{"href":"https:\/\/personalbiker.com.br\/lojapb\/wp-json\/wp\/v2\/media?parent=7410"}],"wp:term":[{"taxonomy":"product_brand","embeddable":true,"href":"https:\/\/personalbiker.com.br\/lojapb\/wp-json\/wp\/v2\/product_brand?post=7410"},{"taxonomy":"product_cat","embeddable":true,"href":"https:\/\/personalbiker.com.br\/lojapb\/wp-json\/wp\/v2\/product_cat?post=7410"},{"taxonomy":"product_tag","embeddable":true,"href":"https:\/\/personalbiker.com.br\/lojapb\/wp-json\/wp\/v2\/product_tag?post=7410"}],"curies":[{"name":"wp","href":"https:\/\/api.w.org\/{rel}","templated":true}]}}