{"id":7348,"date":"2019-07-03T15:58:48","date_gmt":"2019-07-03T18:58:48","guid":{"rendered":"http:\/\/personalbiker.com.br\/lojapb\/?post_type=product&#038;p=7348"},"modified":"2022-08-19T16:50:18","modified_gmt":"2022-08-19T19:50:18","slug":"luva-gold-impermeavel","status":"publish","type":"product","link":"https:\/\/personalbiker.com.br\/lojapb\/produto\/luva-gold-impermeavel\/","title":{"rendered":"Luva Gold Imperme\u00e1vel"},"content":{"rendered":"","protected":false},"excerpt":{"rendered":"<p><strong>Luva para Motociclista Gold<\/strong>. Material de prote\u00e7\u00e3o t\u00e9rmica e imperme\u00e1vel. Com ajuste de punho e palma da m\u00e3o anti-derrapante.<br \/>\nExcelente para dias frios e chuvosos. Prote\u00e7\u00e3o essencial do motociclista em caso de quedas e acidentes.<\/p>\n<p>Material: 95% Poliester \/ 5% Elastano \/ Espuma no interior e detalhes em borracha<\/p>\n<p>Observa\u00e7\u00e3o importante: Sob cont\u00ednua e forte chuva, poder\u00e1 ocorrer pequenas infiltra\u00e7\u00f5es nas costuras.<\/p>\n<p>imagens meramente ilustrativas<\/p>\n","protected":false},"featured_media":7353,"template":"","meta":[],"product_brand":[],"product_cat":[17],"product_tag":[],"class_list":{"0":"post-7348","1":"product","2":"type-product","3":"status-publish","4":"has-post-thumbnail","6":"product_cat-luvas","7":"pa_cor-preto","8":"pa_tamanho-exg","9":"pa_tamanho-g","10":"pa_tamanho-gg","11":"pa_tamanho-m","13":"first","14":"outofstock","15":"shipping-taxable","16":"purchasable","17":"product-type-variable"},"_links":{"self":[{"href":"https:\/\/personalbiker.com.br\/lojapb\/wp-json\/wp\/v2\/product\/7348","targetHints":{"allow":["GET"]}}],"collection":[{"href":"https:\/\/personalbiker.com.br\/lojapb\/wp-json\/wp\/v2\/product"}],"about":[{"href":"https:\/\/personalbiker.com.br\/lojapb\/wp-json\/wp\/v2\/types\/product"}],"wp:featuredmedia":[{"embeddable":true,"href":"https:\/\/personalbiker.com.br\/lojapb\/wp-json\/wp\/v2\/media\/7353"}],"wp:attachment":[{"href":"https:\/\/personalbiker.com.br\/lojapb\/wp-json\/wp\/v2\/media?parent=7348"}],"wp:term":[{"taxonomy":"product_brand","embeddable":true,"href":"https:\/\/personalbiker.com.br\/lojapb\/wp-json\/wp\/v2\/product_brand?post=7348"},{"taxonomy":"product_cat","embeddable":true,"href":"https:\/\/personalbiker.com.br\/lojapb\/wp-json\/wp\/v2\/product_cat?post=7348"},{"taxonomy":"product_tag","embeddable":true,"href":"https:\/\/personalbiker.com.br\/lojapb\/wp-json\/wp\/v2\/product_tag?post=7348"}],"curies":[{"name":"wp","href":"https:\/\/api.w.org\/{rel}","templated":true}]}}