{"id":7314,"date":"2019-06-28T13:34:56","date_gmt":"2019-06-28T16:34:56","guid":{"rendered":"http:\/\/personalbiker.com.br\/lojapb\/?post_type=product&#038;p=7314"},"modified":"2020-12-12T23:37:51","modified_gmt":"2020-12-13T02:37:51","slug":"mini-moto-cross-e-mini-moto-scooter-azul-e-vermelha-semi-novas","status":"publish","type":"product","link":"https:\/\/personalbiker.com.br\/lojapb\/produto\/mini-moto-cross-e-mini-moto-scooter-azul-e-vermelha-semi-novas\/","title":{"rendered":"Mini Moto Scooter,  vermelha semi novas"},"content":{"rendered":"","protected":false},"excerpt":{"rendered":"<p>PRODUTO SEMI NOVO<\/p>\n<p>MINI MOTO SCOOTER VERMELHA ( SEMI NOVAS)<br \/>\nMini Motos Com Garantia, Montadas e Revisadas, Prontas Para Andar. Confira!<br \/>\nAvenida Farrapos n\u00b0 1450<br \/>\nBairro Floresta &#8211; Porto Alegre\/RS<br \/>\nContato: 3029-1704<\/p>\n<p>&nbsp;<\/p>\n<p>ATEN\u00c7\u00c3O PRODUTO SOMENTE ENVIADO ATRAV\u00c9S\u00a0 TRANSPORTADORA\u00a0 FRETE PAGO POR COMPRADOR<\/p>\n<p>&nbsp;<\/p>\n","protected":false},"featured_media":9421,"template":"","meta":[],"product_brand":[],"product_cat":[317],"product_tag":[],"class_list":{"0":"post-7314","1":"product","2":"type-product","3":"status-publish","4":"has-post-thumbnail","6":"product_cat-mini-motos-novas-e-seminovas","8":"first","9":"outofstock","10":"shipping-taxable","11":"purchasable","12":"product-type-simple"},"_links":{"self":[{"href":"https:\/\/personalbiker.com.br\/lojapb\/wp-json\/wp\/v2\/product\/7314","targetHints":{"allow":["GET"]}}],"collection":[{"href":"https:\/\/personalbiker.com.br\/lojapb\/wp-json\/wp\/v2\/product"}],"about":[{"href":"https:\/\/personalbiker.com.br\/lojapb\/wp-json\/wp\/v2\/types\/product"}],"wp:featuredmedia":[{"embeddable":true,"href":"https:\/\/personalbiker.com.br\/lojapb\/wp-json\/wp\/v2\/media\/9421"}],"wp:attachment":[{"href":"https:\/\/personalbiker.com.br\/lojapb\/wp-json\/wp\/v2\/media?parent=7314"}],"wp:term":[{"taxonomy":"product_brand","embeddable":true,"href":"https:\/\/personalbiker.com.br\/lojapb\/wp-json\/wp\/v2\/product_brand?post=7314"},{"taxonomy":"product_cat","embeddable":true,"href":"https:\/\/personalbiker.com.br\/lojapb\/wp-json\/wp\/v2\/product_cat?post=7314"},{"taxonomy":"product_tag","embeddable":true,"href":"https:\/\/personalbiker.com.br\/lojapb\/wp-json\/wp\/v2\/product_tag?post=7314"}],"curies":[{"name":"wp","href":"https:\/\/api.w.org\/{rel}","templated":true}]}}