{"id":7196,"date":"2019-06-18T16:19:49","date_gmt":"2019-06-18T19:19:49","guid":{"rendered":"http:\/\/personalbiker.com.br\/lojapb\/?post_type=product&#038;p=7196"},"modified":"2022-11-27T08:14:34","modified_gmt":"2022-11-27T11:14:34","slug":"bota-delta-impermeavel","status":"publish","type":"product","link":"https:\/\/personalbiker.com.br\/lojapb\/produto\/bota-delta-impermeavel\/","title":{"rendered":"Bota Delta Imperme\u00e1vel TAM 41\/42"},"content":{"rendered":"","protected":false},"excerpt":{"rendered":"<p>Bota Imperme\u00e1vel Delta<\/p>\n<p>&#8211;\u00a0100 % Imperme\u00e1vel;<br \/>\n&#8211; Design arrojado;<br \/>\n&#8211; Termo formada em chapa quente, dando um estilo legal ao ser usada at\u00e9 mesmo com uma cal\u00e7a normal;<br \/>\n&#8211; Bota de f\u00e1cil coloca\u00e7\u00e3o;<br \/>\n&#8211; N\u00e3o possui cadar\u00e7os;<br \/>\n&#8211; Altura do cano 18 cm;<br \/>\n&#8211; Anat\u00f4mica, sendo confort\u00e1vel para o uso no dia-a-dia;<br \/>\n&#8211; Marca: Delta.<\/p>\n<p>imagens meramente ilustrativas<\/p>\n","protected":false},"featured_media":7226,"template":"","meta":[],"product_brand":[],"product_cat":[43],"product_tag":[],"class_list":{"0":"post-7196","1":"product","2":"type-product","3":"status-publish","4":"has-post-thumbnail","6":"product_cat-botas","7":"pa_tamanho-257","8":"pa_tamanho-137","10":"first","11":"outofstock","12":"shipping-taxable","13":"purchasable","14":"product-type-variable"},"_links":{"self":[{"href":"https:\/\/personalbiker.com.br\/lojapb\/wp-json\/wp\/v2\/product\/7196","targetHints":{"allow":["GET"]}}],"collection":[{"href":"https:\/\/personalbiker.com.br\/lojapb\/wp-json\/wp\/v2\/product"}],"about":[{"href":"https:\/\/personalbiker.com.br\/lojapb\/wp-json\/wp\/v2\/types\/product"}],"wp:featuredmedia":[{"embeddable":true,"href":"https:\/\/personalbiker.com.br\/lojapb\/wp-json\/wp\/v2\/media\/7226"}],"wp:attachment":[{"href":"https:\/\/personalbiker.com.br\/lojapb\/wp-json\/wp\/v2\/media?parent=7196"}],"wp:term":[{"taxonomy":"product_brand","embeddable":true,"href":"https:\/\/personalbiker.com.br\/lojapb\/wp-json\/wp\/v2\/product_brand?post=7196"},{"taxonomy":"product_cat","embeddable":true,"href":"https:\/\/personalbiker.com.br\/lojapb\/wp-json\/wp\/v2\/product_cat?post=7196"},{"taxonomy":"product_tag","embeddable":true,"href":"https:\/\/personalbiker.com.br\/lojapb\/wp-json\/wp\/v2\/product_tag?post=7196"}],"curies":[{"name":"wp","href":"https:\/\/api.w.org\/{rel}","templated":true}]}}