{"id":7118,"date":"2019-06-12T09:34:01","date_gmt":"2019-06-12T12:34:01","guid":{"rendered":"http:\/\/personalbiker.com.br\/lojapb\/?post_type=product&#038;p=7118"},"modified":"2021-05-07T12:36:39","modified_gmt":"2021-05-07T15:36:39","slug":"bicicleta-south-new-r06-2018-aro-29-aluminio-suspensao-trava-no-guidao-21-marchas","status":"publish","type":"product","link":"https:\/\/personalbiker.com.br\/lojapb\/produto\/bicicleta-south-new-r06-2018-aro-29-aluminio-suspensao-trava-no-guidao-21-marchas\/","title":{"rendered":"Bicicleta aro 29 South New R06 2018 Alum\u00ednio SHIMANO MTB  24 marchas"},"content":{"rendered":"","protected":false},"excerpt":{"rendered":"<ul class=\"attributes\">\n<li>Bicicleta South New R06 2018 aro 29 Alum\u00ednio Suspens\u00e3o trava no guid\u00e3o 24 marchas<\/li>\n<\/ul>\n<p><strong>Especifica\u00e7\u00f5es t\u00e9cnicas:<\/strong><\/p>\n<table style=\"height: 604px\" border=\"0\" width=\"853\" cellspacing=\"1\" cellpadding=\"1\">\n<tbody>\n<tr>\n<td>Quadro<\/td>\n<td>MOVIMENTO CENTRAL SELADO<br \/>\nQUADRO SOUTH NEW R06 29\u2033 EM ALUM\u00cdNIO<br \/>\nSUSPENS\u00c3O SUNTOUR XCM32 100mm DE CURSO COM PRE-LOAD E TRAVA NO OMBRO<\/td>\n<\/tr>\n<tr>\n<td>Rodas<\/td>\n<td>AROS 29\u2033 EM ALUM\u00cdNIO COM PAREDE DUPLA<br \/>\nPNEUS 29\u2033 2.10 MTB<br \/>\nCUBOS DIANTEIRO E TRASEIRO K-7 EM ALUM\u00cdNIO<\/td>\n<\/tr>\n<tr>\n<td>Freios<\/td>\n<td>FREIOS \u00c1 DISCO HIDR\u00c1ULICOS GTS<br \/>\nDISCOS DE FREIO 160mm<\/td>\n<\/tr>\n<tr>\n<td>Transmiss\u00e3o<\/td>\n<td>C\u00c2MBIO TRASEIRO SHIMANO ALTUS 8V<br \/>\nCASSETE 8V INDEX<br \/>\nPEDIVELA SHIMANO ACERA M3000<br \/>\nTROCADORES SHIMANO ALTUS 3\u00d78<br \/>\nCORRENTE SHIMANO 8V<\/td>\n<\/tr>\n<tr>\n<td>Componentes<\/td>\n<td>SELIM MTB MACH 2 SELLE ROYAL<br \/>\nCANOTE ALUM\u00cdNIO 350mm SOUTH NEW R06<br \/>\nABRA\u00c7ADEIRA ALUM\u00cdNIO SOUTH NEW R06<br \/>\nGUID\u00c3O MTB ALUM\u00cdNIO 700mm SOUTH NEW R06<br \/>\nMESA ALUM\u00cdNIO SOUTH NEW R06<\/td>\n<\/tr>\n<tr>\n<td>Garantia<\/td>\n<td>Garantia SouthBike<br \/>\nQuadro: 1 ano para defeitos de fabrica\u00e7\u00e3o estruturais.<br \/>\nComponentes\/Acess\u00f3rios: 90 dias contra defeito de fabrica\u00e7\u00e3o.<\/td>\n<\/tr>\n<tr>\n<td>Montagem e Frete<\/td>\n<td>Bicicletas Southbike v\u00e3o devidamente montadas e lacradas em suas embalagens de f\u00e1brica, a bicicleta ser\u00e1 enviada de forma montada, necessitando comente colocar os pedais e realizar o aperto no guid\u00e3o. (procedimento sem custo adicional)<\/td>\n<\/tr>\n<\/tbody>\n<\/table>\n<p>imagens meramente ilustrativas<\/p>\n","protected":false},"featured_media":7128,"template":"","meta":[],"product_brand":[],"product_cat":[319],"product_tag":[],"class_list":{"0":"post-7118","1":"product","2":"type-product","3":"status-publish","4":"has-post-thumbnail","6":"product_cat-bicicletas-em-geral","7":"pa_cor-preto-azul-laranja","9":"first","10":"outofstock","11":"shipping-taxable","12":"purchasable","13":"product-type-variable"},"_links":{"self":[{"href":"https:\/\/personalbiker.com.br\/lojapb\/wp-json\/wp\/v2\/product\/7118","targetHints":{"allow":["GET"]}}],"collection":[{"href":"https:\/\/personalbiker.com.br\/lojapb\/wp-json\/wp\/v2\/product"}],"about":[{"href":"https:\/\/personalbiker.com.br\/lojapb\/wp-json\/wp\/v2\/types\/product"}],"wp:featuredmedia":[{"embeddable":true,"href":"https:\/\/personalbiker.com.br\/lojapb\/wp-json\/wp\/v2\/media\/7128"}],"wp:attachment":[{"href":"https:\/\/personalbiker.com.br\/lojapb\/wp-json\/wp\/v2\/media?parent=7118"}],"wp:term":[{"taxonomy":"product_brand","embeddable":true,"href":"https:\/\/personalbiker.com.br\/lojapb\/wp-json\/wp\/v2\/product_brand?post=7118"},{"taxonomy":"product_cat","embeddable":true,"href":"https:\/\/personalbiker.com.br\/lojapb\/wp-json\/wp\/v2\/product_cat?post=7118"},{"taxonomy":"product_tag","embeddable":true,"href":"https:\/\/personalbiker.com.br\/lojapb\/wp-json\/wp\/v2\/product_tag?post=7118"}],"curies":[{"name":"wp","href":"https:\/\/api.w.org\/{rel}","templated":true}]}}