{"id":7072,"date":"2019-06-06T13:05:20","date_gmt":"2019-06-06T16:05:20","guid":{"rendered":"http:\/\/personalbiker.com.br\/lojapb\/?post_type=product&#038;p=7072"},"modified":"2020-10-13T08:21:08","modified_gmt":"2020-10-13T11:21:08","slug":"camara-18-vacinada-sca-18-300x18-90-90-18-scud","status":"publish","type":"product","link":"https:\/\/personalbiker.com.br\/lojapb\/produto\/camara-18-vacinada-sca-18-300x18-90-90-18-scud\/","title":{"rendered":"C\u00e2mara Ar Vacinada Anti Furo Xtire Scud"},"content":{"rendered":"","protected":false},"excerpt":{"rendered":"<p>O risco de acidentes causados por um pneu furado em motocicletas \u00e9 bem maior do que em qualquer outro ve\u00edculo. Al\u00e9m disso, motos n\u00e3o possuem estepe. Pensando nisso, a SCUD e a XTIRE decidiram apresentar ao mercado um produto que traz maior seguran\u00e7a e tranquilidade, al\u00e9m da qualidade comprovada das duas marcas. A C\u00c2MARA DE AR VACINADA SCUD \u00e9 feita 100% Butyl, possui bico T4 e j\u00e1 vem vacinada com selante XTIRE, que veda furos instantaneamente de dentro para fora, evitando a perda de press\u00e3o enquanto a motocicleta estiver em movimento.<\/p>\n<p>&#8211; Atrav\u00e9s de uma tecnologia inovadora, os selantes XTIRE efetuam a veda\u00e7\u00e3o instant\u00e2nea de dentro para fora, impedindo a perda de press\u00e3o de ar. Com a motocicleta em movimento, o produto criar\u00e1 uma camada fina no interior da c\u00e2mara fina no interior da c\u00e2mara de ar efetuando, instantaneamente, a veda\u00e7\u00e3o dos furos na banda de rodagem<\/p>\n<p>imagens meramente ilustrativas<\/p>\n","protected":false},"featured_media":7073,"template":"","meta":[],"product_brand":[],"product_cat":[233],"product_tag":[],"class_list":{"0":"post-7072","1":"product","2":"type-product","3":"status-publish","4":"has-post-thumbnail","6":"product_cat-camara-de-ar","8":"first","9":"outofstock","10":"shipping-taxable","11":"purchasable","12":"product-type-simple"},"_links":{"self":[{"href":"https:\/\/personalbiker.com.br\/lojapb\/wp-json\/wp\/v2\/product\/7072","targetHints":{"allow":["GET"]}}],"collection":[{"href":"https:\/\/personalbiker.com.br\/lojapb\/wp-json\/wp\/v2\/product"}],"about":[{"href":"https:\/\/personalbiker.com.br\/lojapb\/wp-json\/wp\/v2\/types\/product"}],"wp:featuredmedia":[{"embeddable":true,"href":"https:\/\/personalbiker.com.br\/lojapb\/wp-json\/wp\/v2\/media\/7073"}],"wp:attachment":[{"href":"https:\/\/personalbiker.com.br\/lojapb\/wp-json\/wp\/v2\/media?parent=7072"}],"wp:term":[{"taxonomy":"product_brand","embeddable":true,"href":"https:\/\/personalbiker.com.br\/lojapb\/wp-json\/wp\/v2\/product_brand?post=7072"},{"taxonomy":"product_cat","embeddable":true,"href":"https:\/\/personalbiker.com.br\/lojapb\/wp-json\/wp\/v2\/product_cat?post=7072"},{"taxonomy":"product_tag","embeddable":true,"href":"https:\/\/personalbiker.com.br\/lojapb\/wp-json\/wp\/v2\/product_tag?post=7072"}],"curies":[{"name":"wp","href":"https:\/\/api.w.org\/{rel}","templated":true}]}}