{"id":7029,"date":"2019-05-30T14:48:38","date_gmt":"2019-05-30T17:48:38","guid":{"rendered":"http:\/\/personalbiker.com.br\/lojapb\/?post_type=product&#038;p=7029"},"modified":"2021-12-08T08:12:21","modified_gmt":"2021-12-08T11:12:21","slug":"conjunto-chuva-pioneira-nylon-full-masc-forrado","status":"publish","type":"product","link":"https:\/\/personalbiker.com.br\/lojapb\/produto\/conjunto-chuva-pioneira-nylon-full-masc-forrado\/","title":{"rendered":"Conjunto chuva Pioneira Nylon Full Masc. Forrado"},"content":{"rendered":"","protected":false},"excerpt":{"rendered":"<p>O Conjunto de Nylon FULL \u00e9 um produto que atende aos mais exigentes Motociclistas. O produto \u00e9 confeccionado em Nylon 0,20mm que proporciona conforto, resist\u00eancia e durabilidade. O produto alinha Inova\u00e7\u00e3o e Design e veio ao mercado para revolucionar o conceito de Imperme\u00e1veis. Atualmente, \u00e9 reconhecido como A MODA QUE PROTEGE.<br \/>\nO Conjunto de Nylon FULL conta com Cal\u00e7a e Jaqueta. Jaqueta com Fechamento atrav\u00e9s de Z\u00edper e Velcro recobertos por uma Lapela de Drenagem,<\/p>\n<p>Bolso Interno, Capaz embutido ,Regulador nos Punhos, C Regulador de Cintura, Serigrafia e Vivo Refletivo em pontos estrat\u00e9gicos do Produto. Cal\u00e7a com El\u00e1stico na Cintura, Refor\u00e7o no Gancho, Bolso Externo, Z\u00edper Tri\u00e2ngulo na Bainha e Vivo Refletivo em toda a Lateral.<\/p>\n<p>Espessura: 0,20 mm<\/p>\n<p>&nbsp;<\/p>\n<p>Imagens meramente ilustrativas<\/p>\n","protected":false},"featured_media":7031,"template":"","meta":[],"product_brand":[],"product_cat":[45],"product_tag":[],"class_list":{"0":"post-7029","1":"product","2":"type-product","3":"status-publish","4":"has-post-thumbnail","6":"product_cat-capas-de-chuva-polainas","7":"pa_cor-preto","8":"pa_tamanho-g","10":"first","11":"outofstock","12":"shipping-taxable","13":"purchasable","14":"product-type-variable"},"_links":{"self":[{"href":"https:\/\/personalbiker.com.br\/lojapb\/wp-json\/wp\/v2\/product\/7029","targetHints":{"allow":["GET"]}}],"collection":[{"href":"https:\/\/personalbiker.com.br\/lojapb\/wp-json\/wp\/v2\/product"}],"about":[{"href":"https:\/\/personalbiker.com.br\/lojapb\/wp-json\/wp\/v2\/types\/product"}],"wp:featuredmedia":[{"embeddable":true,"href":"https:\/\/personalbiker.com.br\/lojapb\/wp-json\/wp\/v2\/media\/7031"}],"wp:attachment":[{"href":"https:\/\/personalbiker.com.br\/lojapb\/wp-json\/wp\/v2\/media?parent=7029"}],"wp:term":[{"taxonomy":"product_brand","embeddable":true,"href":"https:\/\/personalbiker.com.br\/lojapb\/wp-json\/wp\/v2\/product_brand?post=7029"},{"taxonomy":"product_cat","embeddable":true,"href":"https:\/\/personalbiker.com.br\/lojapb\/wp-json\/wp\/v2\/product_cat?post=7029"},{"taxonomy":"product_tag","embeddable":true,"href":"https:\/\/personalbiker.com.br\/lojapb\/wp-json\/wp\/v2\/product_tag?post=7029"}],"curies":[{"name":"wp","href":"https:\/\/api.w.org\/{rel}","templated":true}]}}