{"id":7017,"date":"2019-05-30T13:39:36","date_gmt":"2019-05-30T16:39:36","guid":{"rendered":"http:\/\/personalbiker.com.br\/lojapb\/?post_type=product&#038;p=7017"},"modified":"2022-08-19T14:59:24","modified_gmt":"2022-08-19T17:59:24","slug":"conj-de-chuva-pantaneiro-nylon-gola-forrado-ref-1200","status":"publish","type":"product","link":"https:\/\/personalbiker.com.br\/lojapb\/produto\/conj-de-chuva-pantaneiro-nylon-gola-forrado-ref-1200\/","title":{"rendered":"Conj. de Chuva Pantaneiro Nylon Gola FORRADO  Ref. 1200"},"content":{"rendered":"","protected":false},"excerpt":{"rendered":"<p>Jaqueta com forro interno, bolso externo, cintura ajustada com el\u00e1stico e regulador e punhos com el\u00e1stico e velcro. Fechamento frontal com z\u00edper e velcro. Refletivo nas costas e no z\u00edper da cal\u00e7a. Com gola.<\/p>\n<p>IMAGENS MERAMENTE ILUSTRATIVAS<\/p>\n","protected":false},"featured_media":7019,"template":"","meta":[],"product_brand":[],"product_cat":[45],"product_tag":[],"class_list":{"0":"post-7017","1":"product","2":"type-product","3":"status-publish","4":"has-post-thumbnail","6":"product_cat-capas-de-chuva-polainas","7":"pa_cor-preto","8":"pa_tamanho-exg","9":"pa_tamanho-m","11":"first","12":"instock","13":"shipping-taxable","14":"purchasable","15":"product-type-simple"},"_links":{"self":[{"href":"https:\/\/personalbiker.com.br\/lojapb\/wp-json\/wp\/v2\/product\/7017","targetHints":{"allow":["GET"]}}],"collection":[{"href":"https:\/\/personalbiker.com.br\/lojapb\/wp-json\/wp\/v2\/product"}],"about":[{"href":"https:\/\/personalbiker.com.br\/lojapb\/wp-json\/wp\/v2\/types\/product"}],"wp:featuredmedia":[{"embeddable":true,"href":"https:\/\/personalbiker.com.br\/lojapb\/wp-json\/wp\/v2\/media\/7019"}],"wp:attachment":[{"href":"https:\/\/personalbiker.com.br\/lojapb\/wp-json\/wp\/v2\/media?parent=7017"}],"wp:term":[{"taxonomy":"product_brand","embeddable":true,"href":"https:\/\/personalbiker.com.br\/lojapb\/wp-json\/wp\/v2\/product_brand?post=7017"},{"taxonomy":"product_cat","embeddable":true,"href":"https:\/\/personalbiker.com.br\/lojapb\/wp-json\/wp\/v2\/product_cat?post=7017"},{"taxonomy":"product_tag","embeddable":true,"href":"https:\/\/personalbiker.com.br\/lojapb\/wp-json\/wp\/v2\/product_tag?post=7017"}],"curies":[{"name":"wp","href":"https:\/\/api.w.org\/{rel}","templated":true}]}}