{"id":6997,"date":"2019-05-30T11:16:27","date_gmt":"2019-05-30T14:16:27","guid":{"rendered":"http:\/\/personalbiker.com.br\/lojapb\/?post_type=product&#038;p=6997"},"modified":"2022-08-15T13:18:38","modified_gmt":"2022-08-15T16:18:38","slug":"encosto-para-bau-givi-e29-e33","status":"publish","type":"product","link":"https:\/\/personalbiker.com.br\/lojapb\/produto\/encosto-para-bau-givi-e29-e33\/","title":{"rendered":"Encosto para Ba\u00fa GIVI E29\/E33"},"content":{"rendered":"","protected":false},"excerpt":{"rendered":"<p>\u00d3tima flexibilidade do encaixe do bauleto<\/p>\n<p>\u00d3timo conforto do passageiro durante a viagem<\/p>\n<p>F\u00e1cil instala\u00e7\u00e3o com Fita Dupla Face<\/p>\n<p>imagens meramente ilustrativas<\/p>\n","protected":false},"featured_media":7003,"template":"","meta":[],"product_brand":[],"product_cat":[177],"product_tag":[],"class_list":{"0":"post-6997","1":"product","2":"type-product","3":"status-publish","4":"has-post-thumbnail","6":"product_cat-acessorios-p-baus","8":"first","9":"outofstock","10":"shipping-taxable","11":"purchasable","12":"product-type-simple"},"_links":{"self":[{"href":"https:\/\/personalbiker.com.br\/lojapb\/wp-json\/wp\/v2\/product\/6997","targetHints":{"allow":["GET"]}}],"collection":[{"href":"https:\/\/personalbiker.com.br\/lojapb\/wp-json\/wp\/v2\/product"}],"about":[{"href":"https:\/\/personalbiker.com.br\/lojapb\/wp-json\/wp\/v2\/types\/product"}],"wp:featuredmedia":[{"embeddable":true,"href":"https:\/\/personalbiker.com.br\/lojapb\/wp-json\/wp\/v2\/media\/7003"}],"wp:attachment":[{"href":"https:\/\/personalbiker.com.br\/lojapb\/wp-json\/wp\/v2\/media?parent=6997"}],"wp:term":[{"taxonomy":"product_brand","embeddable":true,"href":"https:\/\/personalbiker.com.br\/lojapb\/wp-json\/wp\/v2\/product_brand?post=6997"},{"taxonomy":"product_cat","embeddable":true,"href":"https:\/\/personalbiker.com.br\/lojapb\/wp-json\/wp\/v2\/product_cat?post=6997"},{"taxonomy":"product_tag","embeddable":true,"href":"https:\/\/personalbiker.com.br\/lojapb\/wp-json\/wp\/v2\/product_tag?post=6997"}],"curies":[{"name":"wp","href":"https:\/\/api.w.org\/{rel}","templated":true}]}}