{"id":6391,"date":"2019-05-10T14:14:31","date_gmt":"2019-05-10T17:14:31","guid":{"rendered":"http:\/\/personalbiker.com.br\/lojapb\/?post_type=product&#038;p=6391"},"modified":"2023-06-05T08:47:30","modified_gmt":"2023-06-05T11:47:30","slug":"bone-pro-tork-girls-modelo-aba-normal","status":"publish","type":"product","link":"https:\/\/personalbiker.com.br\/lojapb\/produto\/bone-pro-tork-girls-modelo-aba-normal\/","title":{"rendered":"Bon\u00e9 Pro Tork Girls Modelo Aba Normal"},"content":{"rendered":"","protected":false},"excerpt":{"rendered":"<p>Especifica\u00e7\u00e3o T\u00e9cnica:<br \/>\n\u2022 Confeccionado 100% em Tecido Poli\u00e9ster<br \/>\n\u2022 Bordado Tridimensional Pro Tork<br \/>\n\u2022 Aba Curva<br \/>\n\u2022 Alta Durabilidade: N\u00e3o Perde a Cor com a A\u00e7\u00e3o do Sol<br \/>\n\u2022 Tamanho \u00danico<br \/>\n\u2022 Resistente a Fric\u00e7\u00e3o<br \/>\n\u2022 Modelo Feminino<br \/>\n\u2022 Adapta Facilmente ao Formato da Cabe\u00e7a<br \/>\n\u2022 Fecho Snapback<br \/>\n\u2022 \u00d3tima Qualidade<br \/>\n\u2022 Divis\u00f5es em Gomo na Rede para Circula\u00e7\u00e3o de Ar<\/p>\n<p>OBS: Para higieniza\u00e7\u00e3o do acess\u00f3rio, realizar a lavagem a uma temperatura m\u00e1xima de 40\u00b0C. N\u00e3o usar alvejante e n\u00e3o passar a ferro.<\/p>\n<p>IMAGENS MERAMENTE ILUSTRATIVAS<\/p>\n","protected":false},"featured_media":6399,"template":"","meta":[],"product_brand":[],"product_cat":[248],"product_tag":[],"class_list":{"0":"post-6391","1":"product","2":"type-product","3":"status-publish","4":"has-post-thumbnail","6":"product_cat-bone","7":"pa_cor-rosa","9":"first","10":"outofstock","11":"shipping-taxable","12":"purchasable","13":"product-type-simple"},"_links":{"self":[{"href":"https:\/\/personalbiker.com.br\/lojapb\/wp-json\/wp\/v2\/product\/6391","targetHints":{"allow":["GET"]}}],"collection":[{"href":"https:\/\/personalbiker.com.br\/lojapb\/wp-json\/wp\/v2\/product"}],"about":[{"href":"https:\/\/personalbiker.com.br\/lojapb\/wp-json\/wp\/v2\/types\/product"}],"wp:featuredmedia":[{"embeddable":true,"href":"https:\/\/personalbiker.com.br\/lojapb\/wp-json\/wp\/v2\/media\/6399"}],"wp:attachment":[{"href":"https:\/\/personalbiker.com.br\/lojapb\/wp-json\/wp\/v2\/media?parent=6391"}],"wp:term":[{"taxonomy":"product_brand","embeddable":true,"href":"https:\/\/personalbiker.com.br\/lojapb\/wp-json\/wp\/v2\/product_brand?post=6391"},{"taxonomy":"product_cat","embeddable":true,"href":"https:\/\/personalbiker.com.br\/lojapb\/wp-json\/wp\/v2\/product_cat?post=6391"},{"taxonomy":"product_tag","embeddable":true,"href":"https:\/\/personalbiker.com.br\/lojapb\/wp-json\/wp\/v2\/product_tag?post=6391"}],"curies":[{"name":"wp","href":"https:\/\/api.w.org\/{rel}","templated":true}]}}