{"id":6285,"date":"2019-05-09T11:26:28","date_gmt":"2019-05-09T14:26:28","guid":{"rendered":"http:\/\/personalbiker.com.br\/lojapb\/?post_type=product&#038;p=6285"},"modified":"2019-07-09T16:12:32","modified_gmt":"2019-07-09T19:12:32","slug":"capacete-shark-rsi-s2-splinter-mat-ssk-l","status":"publish","type":"product","link":"https:\/\/personalbiker.com.br\/lojapb\/produto\/capacete-shark-rsi-s2-splinter-mat-ssk-l\/","title":{"rendered":"Capacete Shark RSI S2 SPLINTER MAT SSK L"},"content":{"rendered":"","protected":false},"excerpt":{"rendered":"<p class=\"p1\">O novo Shark RSI S\u00e9rie 2 \u00e9 uma combina\u00e7\u00e3o perfeita entre tecnologia, ergonomia e seguran\u00e7a, ele tamb\u00e9m mostra linhas agressivas excepcionando resultados aerodin\u00e2micos e mantendo estabilidade ao pilotar,\u00a0\u00e9 um \u00edcone das pistas, com caracter\u00edsticas Racing, visando atender e superar as expectativas do mercado.<\/p>\n<p class=\"p1\">Sua tecnologia vem ultrapassando barreiras, as vantagens e caracter\u00edsticas fazem dele uma grande refer\u00eancia mundial, s\u00e3o utilizados os melhores componentes na fabrica\u00e7\u00e3o fazendo que o RSI S\u00e9rie 2 seja \u00fanico em sua est\u00e9tica e designer, oferecendo um grande conforto, estabilidade e prote\u00e7\u00e3o para o motociclista que pratica em uso profissional, Track Days ou diariamente.<\/p>\n<div>O RSI S\u00e9rie 2 oferece uma \u00f3tima rela\u00e7\u00e3o de Custo X Benef\u00edcio dando satisfa\u00e7\u00e3o e atingindo a todos os objetivos do mais exigente motociclista.<\/div>\n<p class=\"p1\"><strong>Caracter\u00edsticas do produto<\/strong><\/p>\n<p class=\"p1\">&#8211; Estrutura do casco exclusiva Shark, baseada nas fibras kevlar e carbono Hi-Tec;<\/p>\n<p class=\"p1\">&#8211; Viseira 2.2 mm, Anti-emba\u00e7ante e anti-risco;<\/p>\n<p class=\"p1\">&#8211; Bavete e narigueira para maior conforto e prote\u00e7\u00e3o;<\/p>\n<p class=\"p1\">&#8211; Fecho duplo D;<\/p>\n<p class=\"p1\">&#8211; Estrutura interna com aletas de choque, para melhor absor\u00e7\u00e3o do impacto;<\/p>\n<p class=\"p1\">&#8211; Forro remov\u00edvel, lav\u00e1vel e anti-al\u00e9rgico;<\/p>\n<p class=\"p1\">&#8211; Novo bot\u00e3o para troca r\u00e1pida da viseira (Push One) patenteado Shark;<\/p>\n<p class=\"p1\">&#8211; Testado em t\u00fanel de vento;<\/p>\n<p class=\"p1\">&#8211; Entrada de ar com controle de abertura.<\/p>\n<p class=\"p1\">* Imagem ilustrativa<\/p>\n","protected":false},"featured_media":6288,"template":"","meta":[],"product_brand":[],"product_cat":[49],"product_tag":[],"class_list":{"0":"post-6285","1":"product","2":"type-product","3":"status-publish","4":"has-post-thumbnail","6":"product_cat-shark","7":"pa_cor-preto-fosco","8":"pa_tamanho-60-l","10":"first","11":"instock","12":"shipping-taxable","13":"purchasable","14":"product-type-variable"},"_links":{"self":[{"href":"https:\/\/personalbiker.com.br\/lojapb\/wp-json\/wp\/v2\/product\/6285","targetHints":{"allow":["GET"]}}],"collection":[{"href":"https:\/\/personalbiker.com.br\/lojapb\/wp-json\/wp\/v2\/product"}],"about":[{"href":"https:\/\/personalbiker.com.br\/lojapb\/wp-json\/wp\/v2\/types\/product"}],"wp:featuredmedia":[{"embeddable":true,"href":"https:\/\/personalbiker.com.br\/lojapb\/wp-json\/wp\/v2\/media\/6288"}],"wp:attachment":[{"href":"https:\/\/personalbiker.com.br\/lojapb\/wp-json\/wp\/v2\/media?parent=6285"}],"wp:term":[{"taxonomy":"product_brand","embeddable":true,"href":"https:\/\/personalbiker.com.br\/lojapb\/wp-json\/wp\/v2\/product_brand?post=6285"},{"taxonomy":"product_cat","embeddable":true,"href":"https:\/\/personalbiker.com.br\/lojapb\/wp-json\/wp\/v2\/product_cat?post=6285"},{"taxonomy":"product_tag","embeddable":true,"href":"https:\/\/personalbiker.com.br\/lojapb\/wp-json\/wp\/v2\/product_tag?post=6285"}],"curies":[{"name":"wp","href":"https:\/\/api.w.org\/{rel}","templated":true}]}}