{"id":6021,"date":"2019-05-03T11:57:44","date_gmt":"2019-05-03T14:57:44","guid":{"rendered":"http:\/\/personalbiker.com.br\/lojapb\/?post_type=product&#038;p=6021"},"modified":"2024-09-26T08:44:36","modified_gmt":"2024-09-26T11:44:36","slug":"capacete-pro-tork-attack-solid","status":"publish","type":"product","link":"https:\/\/personalbiker.com.br\/lojapb\/produto\/capacete-pro-tork-attack-solid\/","title":{"rendered":"Capacete PRO TORK ATTACK SOLID"},"content":{"rendered":"","protected":false},"excerpt":{"rendered":"<p>Modelo Dispon\u00edvel:<br \/>\n\u2022 Attack Solid<\/p>\n<p>Especifica\u00e7\u00e3o T\u00e9cnica:<br \/>\n\u2022 Modelo Escamote\u00e1vel<br \/>\n\u2022 Casco Confeccionado em ABS Resistente<br \/>\n\u2022 Revestimento de Prote\u00e7\u00e3o em EPS<br \/>\n\u2022 Forro em Camur\u00e7a<br \/>\n\u2022 Forra\u00e7\u00e3o Antial\u00e9rgica e Antimofo<br \/>\n\u2022 Viseira em Policarbonato com 2mm de Espessura<br \/>\n\u2022 Sub Viseira Solar Fum\u00ea<br \/>\n\u2022 Cinta Jugular com Engate Microm\u00e9trico<br \/>\n\u2022 Narigueira que Evita que a Viseira Fique Emba\u00e7ada<br \/>\n\u2022 Possui 2 Entradas de Ar no Queixo<br \/>\n\u2022 Design Moderno e Aerodin\u00e2mico<\/p>\n<p>Conte\u00fado da Embalagem:<br \/>\n\u2022 01 Capacete Escamote\u00e1vel<br \/>\n\u2022 Manual<\/p>\n<p>imagens meramente ilustrativas<\/p>\n","protected":false},"featured_media":7557,"template":"","meta":[],"product_brand":[],"product_cat":[52],"product_tag":[],"class_list":{"0":"post-6021","1":"product","2":"type-product","3":"status-publish","4":"has-post-thumbnail","6":"product_cat-pro-tork","7":"pa_cor-azul","8":"pa_cor-branco","9":"pa_cor-preto-fosco","10":"pa_tamanho-73","11":"pa_tamanho-74","12":"pa_tamanho-75","14":"first","15":"outofstock","16":"shipping-taxable","17":"purchasable","18":"product-type-variable"},"_links":{"self":[{"href":"https:\/\/personalbiker.com.br\/lojapb\/wp-json\/wp\/v2\/product\/6021","targetHints":{"allow":["GET"]}}],"collection":[{"href":"https:\/\/personalbiker.com.br\/lojapb\/wp-json\/wp\/v2\/product"}],"about":[{"href":"https:\/\/personalbiker.com.br\/lojapb\/wp-json\/wp\/v2\/types\/product"}],"wp:featuredmedia":[{"embeddable":true,"href":"https:\/\/personalbiker.com.br\/lojapb\/wp-json\/wp\/v2\/media\/7557"}],"wp:attachment":[{"href":"https:\/\/personalbiker.com.br\/lojapb\/wp-json\/wp\/v2\/media?parent=6021"}],"wp:term":[{"taxonomy":"product_brand","embeddable":true,"href":"https:\/\/personalbiker.com.br\/lojapb\/wp-json\/wp\/v2\/product_brand?post=6021"},{"taxonomy":"product_cat","embeddable":true,"href":"https:\/\/personalbiker.com.br\/lojapb\/wp-json\/wp\/v2\/product_cat?post=6021"},{"taxonomy":"product_tag","embeddable":true,"href":"https:\/\/personalbiker.com.br\/lojapb\/wp-json\/wp\/v2\/product_tag?post=6021"}],"curies":[{"name":"wp","href":"https:\/\/api.w.org\/{rel}","templated":true}]}}