{"id":593,"date":"2018-02-28T12:17:57","date_gmt":"2018-02-28T15:17:57","guid":{"rendered":"http:\/\/personalbiker.com.br\/lojapb\/?product=v19"},"modified":"2024-05-07T11:40:07","modified_gmt":"2024-05-07T14:40:07","slug":"v19","status":"publish","type":"product","link":"https:\/\/personalbiker.com.br\/lojapb\/produto\/v19\/","title":{"rendered":"Capacete V19  Clean"},"content":{"rendered":"<p>&nbsp;<\/p>\n<div id=\"CertisignPluginFF-NG-Installed\"><\/div>\n<div id=\"CertisignPluginFF-NG-Installed\"><\/div>\n","protected":false},"excerpt":{"rendered":"<p>CAPACETE VAZ V19 PRETO FOSCO CLEAN Viseira transparente em policarbonato, com prote\u00e7\u00e3o anti-risco Casco aerodin\u00e2mico em resina termopl\u00e1stica Sistema de troca r\u00e1pida da viseira Cinta jugular com engate r\u00e1pido Viseira cristal de 2 mil\u00edmetros Forro remov\u00edvel e lav\u00e1vel Entradas e sa\u00eddas de ar Produto 100% nacional Aplica\u00e7\u00e3o: ON ROAD<\/p>\n<div id=\"CertisignPluginFF-NG-Installed\">\n<h1 class=\"item-title__primary \"><\/h1>\n<p>fotos meramente\u00a0 ilustrativa<\/p>\n<\/div>\n<div id=\"CertisignPluginFF-NG-Installed\"><\/div>\n","protected":false},"featured_media":6226,"template":"","meta":[],"product_brand":[],"product_cat":[54],"product_tag":[],"class_list":{"0":"post-593","1":"product","2":"type-product","3":"status-publish","4":"has-post-thumbnail","6":"product_cat-vaz","7":"pa_cor-preto-brilhante","8":"pa_tamanho-56e","9":"pa_tamanho-60e","11":"first","12":"instock","13":"purchasable","14":"product-type-variable"},"_links":{"self":[{"href":"https:\/\/personalbiker.com.br\/lojapb\/wp-json\/wp\/v2\/product\/593","targetHints":{"allow":["GET"]}}],"collection":[{"href":"https:\/\/personalbiker.com.br\/lojapb\/wp-json\/wp\/v2\/product"}],"about":[{"href":"https:\/\/personalbiker.com.br\/lojapb\/wp-json\/wp\/v2\/types\/product"}],"wp:featuredmedia":[{"embeddable":true,"href":"https:\/\/personalbiker.com.br\/lojapb\/wp-json\/wp\/v2\/media\/6226"}],"wp:attachment":[{"href":"https:\/\/personalbiker.com.br\/lojapb\/wp-json\/wp\/v2\/media?parent=593"}],"wp:term":[{"taxonomy":"product_brand","embeddable":true,"href":"https:\/\/personalbiker.com.br\/lojapb\/wp-json\/wp\/v2\/product_brand?post=593"},{"taxonomy":"product_cat","embeddable":true,"href":"https:\/\/personalbiker.com.br\/lojapb\/wp-json\/wp\/v2\/product_cat?post=593"},{"taxonomy":"product_tag","embeddable":true,"href":"https:\/\/personalbiker.com.br\/lojapb\/wp-json\/wp\/v2\/product_tag?post=593"}],"curies":[{"name":"wp","href":"https:\/\/api.w.org\/{rel}","templated":true}]}}