{"id":5763,"date":"2019-04-29T16:21:43","date_gmt":"2019-04-29T19:21:43","guid":{"rendered":"http:\/\/personalbiker.com.br\/lojapb\/?post_type=product&#038;p=5763"},"modified":"2022-08-19T16:46:49","modified_gmt":"2022-08-19T19:46:49","slug":"camiseta-adulto-pro-tork-insane","status":"publish","type":"product","link":"https:\/\/personalbiker.com.br\/lojapb\/produto\/camiseta-adulto-pro-tork-insane\/","title":{"rendered":"Camiseta Adulto Pro Tork Insane"},"content":{"rendered":"","protected":false},"excerpt":{"rendered":"<p>Tecido 100% poli\u00e9ster;<br \/>\nGrafismos sublimados;<br \/>\nModelagem com gola V;<br \/>\nEtiqueta interna aplicada em termo transfer\u00eancia, que permite que o atleta identifique suas informa\u00e7\u00f5es pessoais no produto;<br \/>\nCauda alongada em rela\u00e7\u00e3o a cintura do piloto, o que evita que ela saia de dentro da cal\u00e7a durante a pilotagem.<\/p>\n<p>imagens meramente ilustrativas<\/p>\n","protected":false},"featured_media":5767,"template":"","meta":[],"product_brand":[],"product_cat":[27],"product_tag":[],"class_list":{"0":"post-5763","1":"product","2":"type-product","3":"status-publish","4":"has-post-thumbnail","6":"product_cat-jaquetas-calcas","7":"pa_cor-preto","8":"pa_tamanho-p","10":"first","11":"instock","12":"shipping-taxable","13":"purchasable","14":"product-type-variable"},"_links":{"self":[{"href":"https:\/\/personalbiker.com.br\/lojapb\/wp-json\/wp\/v2\/product\/5763","targetHints":{"allow":["GET"]}}],"collection":[{"href":"https:\/\/personalbiker.com.br\/lojapb\/wp-json\/wp\/v2\/product"}],"about":[{"href":"https:\/\/personalbiker.com.br\/lojapb\/wp-json\/wp\/v2\/types\/product"}],"wp:featuredmedia":[{"embeddable":true,"href":"https:\/\/personalbiker.com.br\/lojapb\/wp-json\/wp\/v2\/media\/5767"}],"wp:attachment":[{"href":"https:\/\/personalbiker.com.br\/lojapb\/wp-json\/wp\/v2\/media?parent=5763"}],"wp:term":[{"taxonomy":"product_brand","embeddable":true,"href":"https:\/\/personalbiker.com.br\/lojapb\/wp-json\/wp\/v2\/product_brand?post=5763"},{"taxonomy":"product_cat","embeddable":true,"href":"https:\/\/personalbiker.com.br\/lojapb\/wp-json\/wp\/v2\/product_cat?post=5763"},{"taxonomy":"product_tag","embeddable":true,"href":"https:\/\/personalbiker.com.br\/lojapb\/wp-json\/wp\/v2\/product_tag?post=5763"}],"curies":[{"name":"wp","href":"https:\/\/api.w.org\/{rel}","templated":true}]}}