{"id":5718,"date":"2019-04-29T13:14:32","date_gmt":"2019-04-29T16:14:32","guid":{"rendered":"http:\/\/personalbiker.com.br\/lojapb\/?post_type=product&#038;p=5718"},"modified":"2022-08-19T16:45:17","modified_gmt":"2022-08-19T19:45:17","slug":"jaqueta-motosky","status":"publish","type":"product","link":"https:\/\/personalbiker.com.br\/lojapb\/produto\/jaqueta-motosky\/","title":{"rendered":"Jaqueta Motosky"},"content":{"rendered":"","protected":false},"excerpt":{"rendered":"<p>A Jaqueta Motosky Imperme\u00e1vel foi desenvolvida para proporcionar na sua pilotagem, conforto e prote\u00e7\u00f5es necess\u00e1rias, para encarar o vai e vem do dia a dia de trabalho.<\/p>\n<p>&nbsp;<\/p>\n<p>Jaqueta em Poli\u00e9ster 500D de alta resist\u00eancia e conforto; &#8211; Prote\u00e7\u00f5es nos cotovelos, ombros e coluna em EVA; &#8211; Sistema STOPWATER (100% a prova d&#8217;\u00e1gua); &#8211; Canaleta interna no z\u00edper central imperme\u00e1vel; &#8211; Refletivo SHINE, melhorando em 80% a visibilidade de outro condutor para o motociclista; Bolsos internos; &#8211; Bot\u00f5es personalizados; &#8211; Ajustes nos bra\u00e7os e na cintura; &#8211; Tecido antial\u00e9rgico no pesco\u00e7o; &#8211; Dois Bolsos Externos n\u00e3o imperme\u00e1veis; &#8211; Um Bolso Interno Imperme\u00e1vel.<\/p>\n<p>imagens meramente ilustrativas<\/p>\n","protected":false},"featured_media":5722,"template":"","meta":[],"product_brand":[],"product_cat":[27],"product_tag":[],"class_list":{"0":"post-5718","1":"product","2":"type-product","3":"status-publish","4":"has-post-thumbnail","6":"product_cat-jaquetas-calcas","7":"pa_cor-preto","8":"pa_tamanho-5xl","9":"pa_tamanho-xl","11":"first","12":"outofstock","13":"shipping-taxable","14":"purchasable","15":"product-type-variable"},"_links":{"self":[{"href":"https:\/\/personalbiker.com.br\/lojapb\/wp-json\/wp\/v2\/product\/5718","targetHints":{"allow":["GET"]}}],"collection":[{"href":"https:\/\/personalbiker.com.br\/lojapb\/wp-json\/wp\/v2\/product"}],"about":[{"href":"https:\/\/personalbiker.com.br\/lojapb\/wp-json\/wp\/v2\/types\/product"}],"wp:featuredmedia":[{"embeddable":true,"href":"https:\/\/personalbiker.com.br\/lojapb\/wp-json\/wp\/v2\/media\/5722"}],"wp:attachment":[{"href":"https:\/\/personalbiker.com.br\/lojapb\/wp-json\/wp\/v2\/media?parent=5718"}],"wp:term":[{"taxonomy":"product_brand","embeddable":true,"href":"https:\/\/personalbiker.com.br\/lojapb\/wp-json\/wp\/v2\/product_brand?post=5718"},{"taxonomy":"product_cat","embeddable":true,"href":"https:\/\/personalbiker.com.br\/lojapb\/wp-json\/wp\/v2\/product_cat?post=5718"},{"taxonomy":"product_tag","embeddable":true,"href":"https:\/\/personalbiker.com.br\/lojapb\/wp-json\/wp\/v2\/product_tag?post=5718"}],"curies":[{"name":"wp","href":"https:\/\/api.w.org\/{rel}","templated":true}]}}