{"id":57,"date":"2009-12-19T20:29:26","date_gmt":"2009-12-19T20:29:26","guid":{"rendered":"http:\/\/personalbiker.com.br\/lojapb\/?product=oculos-pro-tork"},"modified":"2020-10-10T10:27:39","modified_gmt":"2020-10-10T13:27:39","slug":"oculos-pro-tork","status":"publish","type":"product","link":"https:\/\/personalbiker.com.br\/lojapb\/produto\/oculos-pro-tork\/","title":{"rendered":"\u00d3culos &#8211; Pro Tork"},"content":{"rendered":"","protected":false},"excerpt":{"rendered":"<p>\u00d3culos de prote\u00e7\u00e3o para uso com capacete sem viseira;<\/p>\n<p>&#8211; Desenvolvidos com a mais avan\u00e7ada tecnologia, estes \u00f3culos de prote\u00e7\u00e3o\u00a0 Pro Tork aliam alt\u00edssima qualidade e design arrojado para oferecer um produto que garanta o m\u00e1ximo de prote\u00e7\u00e3o enquanto voc\u00ea pratica suas trilhas.<br \/>\nSua estrutura \u00e9 confeccionada em uretano, material que al\u00e9m de ser\u00a0male\u00e1vel\u00a0para se acoplar de forma precisa no seu rosto ainda tem\u00a0resist\u00eancia muito superior. Ele est\u00e1 dispon\u00edvel\u00a0na cor vermelha, uma tonalidade forte que\u00a0transparece todo seu esp\u00edrito aventureiro.<br \/>\n&#8211; Ele disp\u00f5e ainda de\u00a0faixa el\u00e1stica\u00a0que garante\u00a0total firmeza\u00a0e acoplagem ao\u00a0capacete,\u00a0espuma para absor\u00e7\u00e3o do suor\u00a0e\u00a0microporos para ventila\u00e7\u00e3o, assegurando\u00a0conforto\u00a0surpreendente durante o uso do acess\u00f3rio.<\/p>\n<p>\u2022 Qualidade Reconhecida Pro Tork<\/p>\n<p>\u2022 Carca\u00e7a em Uretano de Alta Durabilidade<\/p>\n<p>\u2022 Lente Cristal Resistente Enrijecida<\/p>\n<p>\u2022 Possui Espuma para Absor\u00e7\u00e3o de Suor<\/p>\n<p>\u2022 Espec\u00edfico para Capacetes de Cross Sem Vieira ou Capacetes Abertos<\/p>\n<p>\u2022 Tecnologia de Microporos para Ventila\u00e7\u00e3o<\/p>\n<p>\u2022 Faixa El\u00e1stica com Grafia Pro Tork<\/p>\n<p>\u2022 Fixa\u00e7\u00e3o Precisa e Firme<\/p>\n<p>OBS:\u00a0\u00c9 proibido por lei, conforme Artigo 244-I do CONTRAN, conduzir motocicleta, motoneta e ciclomotor com a viseira erguida ou sem \u00f3culos de prote\u00e7\u00e3o (\u00f3culos pr\u00f3prios para motociclista)<\/p>\n<p>&nbsp;<\/p>\n","protected":false},"featured_media":9105,"template":"","meta":[],"product_brand":[],"product_cat":[21],"product_tag":[],"class_list":{"0":"post-57","1":"product","2":"type-product","3":"status-publish","4":"has-post-thumbnail","6":"product_cat-acessorios","7":"pa_cor-azul","8":"pa_cor-preto","9":"pa_cor-vermelho","11":"first","12":"outofstock","13":"purchasable","14":"product-type-variable"},"_links":{"self":[{"href":"https:\/\/personalbiker.com.br\/lojapb\/wp-json\/wp\/v2\/product\/57","targetHints":{"allow":["GET"]}}],"collection":[{"href":"https:\/\/personalbiker.com.br\/lojapb\/wp-json\/wp\/v2\/product"}],"about":[{"href":"https:\/\/personalbiker.com.br\/lojapb\/wp-json\/wp\/v2\/types\/product"}],"wp:featuredmedia":[{"embeddable":true,"href":"https:\/\/personalbiker.com.br\/lojapb\/wp-json\/wp\/v2\/media\/9105"}],"wp:attachment":[{"href":"https:\/\/personalbiker.com.br\/lojapb\/wp-json\/wp\/v2\/media?parent=57"}],"wp:term":[{"taxonomy":"product_brand","embeddable":true,"href":"https:\/\/personalbiker.com.br\/lojapb\/wp-json\/wp\/v2\/product_brand?post=57"},{"taxonomy":"product_cat","embeddable":true,"href":"https:\/\/personalbiker.com.br\/lojapb\/wp-json\/wp\/v2\/product_cat?post=57"},{"taxonomy":"product_tag","embeddable":true,"href":"https:\/\/personalbiker.com.br\/lojapb\/wp-json\/wp\/v2\/product_tag?post=57"}],"curies":[{"name":"wp","href":"https:\/\/api.w.org\/{rel}","templated":true}]}}