{"id":565,"date":"2017-08-12T10:55:51","date_gmt":"2017-08-12T10:55:51","guid":{"rendered":"http:\/\/personalbiker.com.br\/lojapb\/?product=mini-moto-cross-49cc-fun-motors-partida-eletrica"},"modified":"2024-05-07T11:38:46","modified_gmt":"2024-05-07T14:38:46","slug":"mini-moto-cross-49cc-fun-motors-partida-eletrica","status":"publish","type":"product","link":"https:\/\/personalbiker.com.br\/lojapb\/produto\/mini-moto-cross-49cc-fun-motors-partida-eletrica\/","title":{"rendered":"MINI MOTO CROSS  LAMINHA 49CC 2T partida el\u00e9trica"},"content":{"rendered":"","protected":false},"excerpt":{"rendered":"<p>&nbsp;<\/p>\n<p>Motor 2 tempos refrigerado a ar<br \/>\nQuantidade de cilindros: 1 cilindro<br \/>\nCilindrada real: 49cc<br \/>\nSistema de partida: El\u00e9trica<br \/>\nSistema de lubrifica\u00e7\u00e3o: \u00d3leo 2 tempos<br \/>\nTanque de combust\u00edvel: 1 litro<br \/>\nAlimenta\u00e7\u00e3o: Carburador 15mm + pot\u00eancia e performance!!<br \/>\nSistema de igni\u00e7\u00e3o: Bobina de igni\u00e7\u00e3o<br \/>\nTransmiss\u00e3o secund\u00e1ria: Corrente<br \/>\nQuadro: Tubular em a\u00e7o<br \/>\nPneu dianteiro e traseiro 3.00 x 4 &#8211; r10<br \/>\nFreio dianteiro: Disco<br \/>\nFreio traseiro: Disco<br \/>\nAcompanha: Manual e kit ferramenta<\/p>\n<p>indicado para crian\u00e7as a partir de 3 anos<\/p>\n<p>Dimens\u00f5es do Produto<\/p>\n<p>-Altura Banco &#8211; 65 cm<br \/>\n-Altura Guid\u00e3o &#8211; 88 cm-Comprimento &#8211; 120 cm<br \/>\n-Largura Guid\u00e3o &#8211; 65 cm<br \/>\n-Largura Motor &#8211; 28 cm<\/p>\n<p>&nbsp;<\/p>\n<table border=\"0\" width=\"100%\" cellspacing=\"0\" cellpadding=\"0\">\n<tbody>\n<tr>\n<td valign=\"middle\" height=\"30\">Dimens\u00f5es (mm) Comp x Larg x Alt<\/td>\n<td valign=\"middle\" height=\"30\">1100x580x840<\/td>\n<\/tr>\n<tr>\n<td valign=\"middle\" height=\"30\">Peso seco (kg)<\/td>\n<td valign=\"middle\" height=\"30\">30<\/td>\n<\/tr>\n<tr>\n<td valign=\"middle\" height=\"30\">Motor<\/td>\n<td valign=\"middle\" height=\"30\">2 Tempos<\/td>\n<\/tr>\n<tr>\n<td valign=\"middle\" height=\"30\">Cilindrada<\/td>\n<td valign=\"middle\" height=\"30\">49cc<\/td>\n<\/tr>\n<tr>\n<td valign=\"middle\" height=\"30\">Partida<\/td>\n<td valign=\"middle\" height=\"30\">Partida el\u00e9trica<\/td>\n<\/tr>\n<tr>\n<td valign=\"middle\" height=\"30\">Transmiss\u00e3o<\/td>\n<td valign=\"middle\" height=\"30\">Corrente<\/td>\n<\/tr>\n<tr>\n<td valign=\"middle\" height=\"30\">Refrigera\u00e7\u00e3o<\/td>\n<td valign=\"middle\" height=\"30\">Ar<\/td>\n<\/tr>\n<tr>\n<td valign=\"middle\" height=\"30\">Tipo de Combust\u00edvel<\/td>\n<td valign=\"middle\" height=\"30\">Gasolina+\u00d3leo 2 Tempos<\/td>\n<\/tr>\n<tr>\n<td valign=\"middle\" height=\"30\">Capac. do Tanque de Combust\u00edvel (L)<\/td>\n<td valign=\"middle\" height=\"30\">1L<\/td>\n<\/tr>\n<tr>\n<td valign=\"middle\" height=\"30\">Capac. M\u00e1x. de Carga (kg)<\/td>\n<td valign=\"middle\" height=\"30\">50 kg<\/td>\n<\/tr>\n<tr>\n<td valign=\"middle\" height=\"30\">Velocidade M\u00e1xima<\/td>\n<td valign=\"middle\" height=\"30\">42<\/td>\n<\/tr>\n<tr>\n<td valign=\"middle\" height=\"30\">Suspens\u00e3o Dianteira<\/td>\n<td valign=\"middle\" height=\"30\">Invertida<\/td>\n<\/tr>\n<tr>\n<td valign=\"middle\" height=\"30\">Freios Dianteiros<\/td>\n<td valign=\"middle\" height=\"30\">\u00c1 disco<\/td>\n<\/tr>\n<tr>\n<td valign=\"middle\" height=\"30\">Freios Traseiros<\/td>\n<td valign=\"middle\" height=\"30\">\u00c1 disco<\/td>\n<\/tr>\n<tr>\n<td valign=\"middle\" height=\"30\">Tipos de Pneus Dianteiros<\/td>\n<td valign=\"middle\" height=\"30\">3.00&#215;4 &#8211; R10<\/td>\n<\/tr>\n<tr>\n<td valign=\"middle\" height=\"30\">Tipos de Pneus Traseiros<\/td>\n<td valign=\"middle\" height=\"30\">3.00&#215;4 &#8211; R10<\/td>\n<\/tr>\n<\/tbody>\n<\/table>\n<p>imagens meramente ilustrativas<\/p>\n","protected":false},"featured_media":9037,"template":"","meta":[],"product_brand":[],"product_cat":[19],"product_tag":[],"class_list":{"0":"post-565","1":"product","2":"type-product","3":"status-publish","4":"has-post-thumbnail","6":"product_cat-mini-motos","7":"pa_cor-verde","9":"first","10":"outofstock","11":"purchasable","12":"product-type-simple"},"_links":{"self":[{"href":"https:\/\/personalbiker.com.br\/lojapb\/wp-json\/wp\/v2\/product\/565","targetHints":{"allow":["GET"]}}],"collection":[{"href":"https:\/\/personalbiker.com.br\/lojapb\/wp-json\/wp\/v2\/product"}],"about":[{"href":"https:\/\/personalbiker.com.br\/lojapb\/wp-json\/wp\/v2\/types\/product"}],"wp:featuredmedia":[{"embeddable":true,"href":"https:\/\/personalbiker.com.br\/lojapb\/wp-json\/wp\/v2\/media\/9037"}],"wp:attachment":[{"href":"https:\/\/personalbiker.com.br\/lojapb\/wp-json\/wp\/v2\/media?parent=565"}],"wp:term":[{"taxonomy":"product_brand","embeddable":true,"href":"https:\/\/personalbiker.com.br\/lojapb\/wp-json\/wp\/v2\/product_brand?post=565"},{"taxonomy":"product_cat","embeddable":true,"href":"https:\/\/personalbiker.com.br\/lojapb\/wp-json\/wp\/v2\/product_cat?post=565"},{"taxonomy":"product_tag","embeddable":true,"href":"https:\/\/personalbiker.com.br\/lojapb\/wp-json\/wp\/v2\/product_tag?post=565"}],"curies":[{"name":"wp","href":"https:\/\/api.w.org\/{rel}","templated":true}]}}