{"id":561,"date":"2017-08-08T11:23:14","date_gmt":"2017-08-08T11:23:14","guid":{"rendered":"http:\/\/personalbiker.com.br\/lojapb\/?product=mochila-isobag-pizza-67-lts"},"modified":"2022-08-22T14:37:36","modified_gmt":"2022-08-22T17:37:36","slug":"mochila-isobag-pizza-67-lts","status":"publish","type":"product","link":"https:\/\/personalbiker.com.br\/lojapb\/produto\/mochila-isobag-pizza-67-lts\/","title":{"rendered":"MOCHILA  PIZZA  67 lts (45CM) Nylon com Isopor Andrade"},"content":{"rendered":"","protected":false},"excerpt":{"rendered":"<p>Especifica\u00e7\u00e3o T\u00e9cnica:<br \/>\n\u2022 Bolsa Confeccionada em Nylon<br \/>\n\u2022 Acabamento na Cor Vermelha<br \/>\n\u2022 Capacidade da Caixa de Isopor: 67Litros<br \/>\n\u2022 Pl\u00e1stico Frontal Transparente para Endere\u00e7os e Panfletos<br \/>\n\u2022 Al\u00e7as Ajust\u00e1veis com Fecho de Engate R\u00e1pido<br \/>\n\u2022 Possui Bolsos Laterais para Garrafas e Porta Documentos<br \/>\n\u2022 Fechamento Atrav\u00e9s de Z\u00edper<\/p>\n<p>imagens meramente ilustrativas<\/p>\n","protected":false},"featured_media":560,"template":"","meta":[],"product_brand":[],"product_cat":[48],"product_tag":[],"class_list":{"0":"post-561","1":"product","2":"type-product","3":"status-publish","4":"has-post-thumbnail","6":"product_cat-mochilas-e-alforge","7":"pa_cor-vermelho","8":"pa_tamanho-67-l-45cm","10":"first","11":"outofstock","12":"purchasable","13":"product-type-variable"},"_links":{"self":[{"href":"https:\/\/personalbiker.com.br\/lojapb\/wp-json\/wp\/v2\/product\/561","targetHints":{"allow":["GET"]}}],"collection":[{"href":"https:\/\/personalbiker.com.br\/lojapb\/wp-json\/wp\/v2\/product"}],"about":[{"href":"https:\/\/personalbiker.com.br\/lojapb\/wp-json\/wp\/v2\/types\/product"}],"wp:featuredmedia":[{"embeddable":true,"href":"https:\/\/personalbiker.com.br\/lojapb\/wp-json\/wp\/v2\/media\/560"}],"wp:attachment":[{"href":"https:\/\/personalbiker.com.br\/lojapb\/wp-json\/wp\/v2\/media?parent=561"}],"wp:term":[{"taxonomy":"product_brand","embeddable":true,"href":"https:\/\/personalbiker.com.br\/lojapb\/wp-json\/wp\/v2\/product_brand?post=561"},{"taxonomy":"product_cat","embeddable":true,"href":"https:\/\/personalbiker.com.br\/lojapb\/wp-json\/wp\/v2\/product_cat?post=561"},{"taxonomy":"product_tag","embeddable":true,"href":"https:\/\/personalbiker.com.br\/lojapb\/wp-json\/wp\/v2\/product_tag?post=561"}],"curies":[{"name":"wp","href":"https:\/\/api.w.org\/{rel}","templated":true}]}}