{"id":5583,"date":"2019-04-26T13:46:08","date_gmt":"2019-04-26T16:46:08","guid":{"rendered":"http:\/\/personalbiker.com.br\/lojapb\/?post_type=product&#038;p=5583"},"modified":"2022-08-23T13:29:25","modified_gmt":"2022-08-23T16:29:25","slug":"camara-de-ar-26-bicicleta-26x1-90-2-125-valvula-longa-top-samson","status":"publish","type":"product","link":"https:\/\/personalbiker.com.br\/lojapb\/produto\/camara-de-ar-26-bicicleta-26x1-90-2-125-valvula-longa-top-samson\/","title":{"rendered":"C\u00e2mara de Ar 26 bicicleta 26&#215;1.90  2.125 v\u00e1lvula longa top Samson"},"content":{"rendered":"","protected":false},"excerpt":{"rendered":"<p>*C\u00c2MARA DE AR ARO 16*<\/p>\n<p>&#8211; MARCA: DEESTONE \/ TWA<br \/>\n&#8211; MEDIDA: 16 x 1.75 \/ 1.90<br \/>\n&#8211; MATERIAL: BORRACHA<br \/>\n&#8211; COR: PRETO<\/p>\n<p>imagens meramente ilustrativas<\/p>\n","protected":false},"featured_media":5589,"template":"","meta":[],"product_brand":[],"product_cat":[233],"product_tag":[],"class_list":{"0":"post-5583","1":"product","2":"type-product","3":"status-publish","4":"has-post-thumbnail","6":"product_cat-camara-de-ar","8":"first","9":"outofstock","10":"shipping-taxable","11":"purchasable","12":"product-type-simple"},"_links":{"self":[{"href":"https:\/\/personalbiker.com.br\/lojapb\/wp-json\/wp\/v2\/product\/5583","targetHints":{"allow":["GET"]}}],"collection":[{"href":"https:\/\/personalbiker.com.br\/lojapb\/wp-json\/wp\/v2\/product"}],"about":[{"href":"https:\/\/personalbiker.com.br\/lojapb\/wp-json\/wp\/v2\/types\/product"}],"wp:featuredmedia":[{"embeddable":true,"href":"https:\/\/personalbiker.com.br\/lojapb\/wp-json\/wp\/v2\/media\/5589"}],"wp:attachment":[{"href":"https:\/\/personalbiker.com.br\/lojapb\/wp-json\/wp\/v2\/media?parent=5583"}],"wp:term":[{"taxonomy":"product_brand","embeddable":true,"href":"https:\/\/personalbiker.com.br\/lojapb\/wp-json\/wp\/v2\/product_brand?post=5583"},{"taxonomy":"product_cat","embeddable":true,"href":"https:\/\/personalbiker.com.br\/lojapb\/wp-json\/wp\/v2\/product_cat?post=5583"},{"taxonomy":"product_tag","embeddable":true,"href":"https:\/\/personalbiker.com.br\/lojapb\/wp-json\/wp\/v2\/product_tag?post=5583"}],"curies":[{"name":"wp","href":"https:\/\/api.w.org\/{rel}","templated":true}]}}