{"id":5572,"date":"2019-04-26T11:42:59","date_gmt":"2019-04-26T14:42:59","guid":{"rendered":"http:\/\/personalbiker.com.br\/lojapb\/?post_type=product&#038;p=5572"},"modified":"2021-10-22T09:46:10","modified_gmt":"2021-10-22T12:46:10","slug":"limpador-de-corrente-chain-clean-motosul-c1","status":"publish","type":"product","link":"https:\/\/personalbiker.com.br\/lojapb\/produto\/limpador-de-corrente-chain-clean-motosul-c1\/","title":{"rendered":"Limpador de Corrente Chain Clean Motosul C1"},"content":{"rendered":"","protected":false},"excerpt":{"rendered":"<p>MOTUL CHAIN CLEAN C1<\/p>\n<p>DESENGRAXANTE PODEROSO PARA CORRENTES DE TRANSMISS\u00c3O PARA MOTOCICLETA.<\/p>\n<p>APLICA\u00c7\u00c3O:<\/p>\n<p>MOTUL Chain Clean limpa perfeitamente todo tipo de corrente de motos (Estrada e todo terreno) e outros ve\u00edculos (bicicleta, ciclomotor, kart, quadriciclos&#8230;)<\/p>\n<p>DESEMPENHO:<\/p>\n<p>Elimina todos os depositos incrustados: p\u00f3, areia, terra, gordura, \u00f3leo? F\u00f3rmula sem cloro, desengraxante perfeitamente compativel com as juntas de veda\u00e7\u00e3o das correntes: O-ring, X-ring, Z-ring. Sem esfregar, dissolve rapidamente todos os res\u00edduos de graxa, \u00f3leo&#8230; Evapora com rapidez.<\/p>\n<p>CONSELHO DE UTILIZA\u00c7\u00c3O:<\/p>\n<p>Agitar antes de usar.<\/p>\n<p>1- Pulverizar sobre a corrente e deixar secar por 5 minutos.<br \/>\n2- Se a corrente estiver muito suja, limpe com um pincel\/escova n\u00e3o abrasiva e pulverize novamente.<br \/>\n3- Lubrifique\/proteja a corrente com MOTUL Chain Lube Factory Line. Para aumentar a vida \u00fatil da corrente, repetir a opera\u00e7\u00e3o a cada 1000 Km.<\/p>\n<p>imagens meramente ilustrativas<\/p>\n","protected":false},"featured_media":7049,"template":"","meta":[],"product_brand":[],"product_cat":[24],"product_tag":[],"class_list":{"0":"post-5572","1":"product","2":"type-product","3":"status-publish","4":"has-post-thumbnail","6":"product_cat-oleos-lubrificantes","8":"first","9":"instock","10":"shipping-taxable","11":"purchasable","12":"product-type-simple"},"_links":{"self":[{"href":"https:\/\/personalbiker.com.br\/lojapb\/wp-json\/wp\/v2\/product\/5572","targetHints":{"allow":["GET"]}}],"collection":[{"href":"https:\/\/personalbiker.com.br\/lojapb\/wp-json\/wp\/v2\/product"}],"about":[{"href":"https:\/\/personalbiker.com.br\/lojapb\/wp-json\/wp\/v2\/types\/product"}],"wp:featuredmedia":[{"embeddable":true,"href":"https:\/\/personalbiker.com.br\/lojapb\/wp-json\/wp\/v2\/media\/7049"}],"wp:attachment":[{"href":"https:\/\/personalbiker.com.br\/lojapb\/wp-json\/wp\/v2\/media?parent=5572"}],"wp:term":[{"taxonomy":"product_brand","embeddable":true,"href":"https:\/\/personalbiker.com.br\/lojapb\/wp-json\/wp\/v2\/product_brand?post=5572"},{"taxonomy":"product_cat","embeddable":true,"href":"https:\/\/personalbiker.com.br\/lojapb\/wp-json\/wp\/v2\/product_cat?post=5572"},{"taxonomy":"product_tag","embeddable":true,"href":"https:\/\/personalbiker.com.br\/lojapb\/wp-json\/wp\/v2\/product_tag?post=5572"}],"curies":[{"name":"wp","href":"https:\/\/api.w.org\/{rel}","templated":true}]}}