{"id":5556,"date":"2019-04-26T10:09:11","date_gmt":"2019-04-26T13:09:11","guid":{"rendered":"http:\/\/personalbiker.com.br\/lojapb\/?post_type=product&#038;p=5556"},"modified":"2021-03-11T08:23:10","modified_gmt":"2021-03-11T11:23:10","slug":"vacina-para-pneus-250-ml","status":"publish","type":"product","link":"https:\/\/personalbiker.com.br\/lojapb\/produto\/vacina-para-pneus-250-ml\/","title":{"rendered":"Vacina Para Pneus 250 ML"},"content":{"rendered":"","protected":false},"excerpt":{"rendered":"<p>VACINA PNEU 250 ML CADA &#8211; X-TIRE<\/p>\n<p>Aplica\u00e7\u00e3o do Produto &#8211; nova embalagem de 250ml.:<br \/>\nAt\u00e9 150cc &#8211; 1 frasco na traseira e 1 na dianteira<br \/>\nAcima de 150 &#8211; 1 frasco em cada roda<br \/>\nSuper Esportivas &#8211; 1 frasco na dianteira e 1 frasco na traseira.<br \/>\nO Selante de Pneus \u00e9 um gel preventivo de furos que age na banda de rodagem do pneu. Sua efici\u00eancia foi comprovada em furos causados por objetos perfurantes de at\u00e9 3mm em pneu com c\u00e2mara e 6mm em pneu sem c\u00e2mara.<br \/>\nO produto deve ser aplicado antes de o pneu furar! Com o produto aplicado, ocorrendo um furo no pneu, desde que o tamanho do objeto perfurante esteja dentro dos limites especificados, a perda de press\u00e3o ser\u00e1 minimizada e em poucos segundos se estabilizar\u00e1, vedando o pneu definitivamente, n\u00e3o sendo necess\u00e1rio fazer nenhum tipo de reparo posterior ou substitui\u00e7\u00e3o de c\u00e2mara.<br \/>\nOcorrendo furos maiores que os especificados pelo produto, desde que n\u00e3o sejam rasgos que possam danificar a estrutura do pneu, constatamos que o selante pode retardar a perda de press\u00e3o de ar, permitindo em muitos casos, que a motocicleta seja conduzida com seguran\u00e7a at\u00e9 um local onde o pneu possa ser reparado.<br \/>\nA avan\u00e7ada tecnologia deste produto combina uma solu\u00e7\u00e3o a base de etileno-glicol com fibras naturais e artificiais; componentes adesivos; inibidores de corros\u00e3o e outros.<\/p>\n<p>APENAS UMA UNIDADE O ANUNCIO<\/p>\n<p>IMAGENS MERAMENTE ILUSTRATIVAS<\/p>\n","protected":false},"featured_media":5558,"template":"","meta":[],"product_brand":[],"product_cat":[67],"product_tag":[],"class_list":{"0":"post-5556","1":"product","2":"type-product","3":"status-publish","4":"has-post-thumbnail","6":"product_cat-pneu-moto","8":"first","9":"outofstock","10":"shipping-taxable","11":"purchasable","12":"product-type-simple"},"_links":{"self":[{"href":"https:\/\/personalbiker.com.br\/lojapb\/wp-json\/wp\/v2\/product\/5556","targetHints":{"allow":["GET"]}}],"collection":[{"href":"https:\/\/personalbiker.com.br\/lojapb\/wp-json\/wp\/v2\/product"}],"about":[{"href":"https:\/\/personalbiker.com.br\/lojapb\/wp-json\/wp\/v2\/types\/product"}],"wp:featuredmedia":[{"embeddable":true,"href":"https:\/\/personalbiker.com.br\/lojapb\/wp-json\/wp\/v2\/media\/5558"}],"wp:attachment":[{"href":"https:\/\/personalbiker.com.br\/lojapb\/wp-json\/wp\/v2\/media?parent=5556"}],"wp:term":[{"taxonomy":"product_brand","embeddable":true,"href":"https:\/\/personalbiker.com.br\/lojapb\/wp-json\/wp\/v2\/product_brand?post=5556"},{"taxonomy":"product_cat","embeddable":true,"href":"https:\/\/personalbiker.com.br\/lojapb\/wp-json\/wp\/v2\/product_cat?post=5556"},{"taxonomy":"product_tag","embeddable":true,"href":"https:\/\/personalbiker.com.br\/lojapb\/wp-json\/wp\/v2\/product_tag?post=5556"}],"curies":[{"name":"wp","href":"https:\/\/api.w.org\/{rel}","templated":true}]}}