{"id":5549,"date":"2019-04-26T09:44:05","date_gmt":"2019-04-26T12:44:05","guid":{"rendered":"http:\/\/personalbiker.com.br\/lojapb\/?post_type=product&#038;p=5549"},"modified":"2020-10-29T09:46:19","modified_gmt":"2020-10-29T12:46:19","slug":"suporte-transbike-pneu-estepe-3-bikes","status":"publish","type":"product","link":"https:\/\/personalbiker.com.br\/lojapb\/produto\/suporte-transbike-pneu-estepe-3-bikes\/","title":{"rendered":"Suporte TransBike Pneu Estepe 3 Bikes"},"content":{"rendered":"","protected":false},"excerpt":{"rendered":"<section class=\"ui-view-more vip-section-specs main-section \">\n<h2 class=\"main-section__title\">Caracter\u00edsticas<\/h2>\n<div class=\"specs-wrapper\">\n<section class=\"specs-container specs-primary-specs specs-layout-default u-clearfix\">\n<ul class=\"specs-list specs-list-primary specs-structure-medium\">\n<li class=\"specs-item specs-item-primary\"><strong>Marca <\/strong>NCBIKE<\/li>\n<li class=\"specs-item specs-item-primary\"><strong>Modelo <\/strong>ESTEPE<\/li>\n<li class=\"specs-item specs-item-primary\"><strong>Posi\u00e7\u00e3o de montagem <\/strong>NO ESTEPE<\/li>\n<li class=\"specs-item specs-item-primary\"><strong>Material <\/strong>TUBOS DE A\u00c7O COM PINTURA EPOXI PRETA<\/li>\n<li class=\"specs-item specs-item-primary\"><strong>Origem <\/strong>Nacional<\/li>\n<li class=\"specs-item specs-item-primary\"><strong>Quantidade de bicicletas suportadas <\/strong>3<\/li>\n<li class=\"specs-item specs-item-primary\"><strong>Peso m\u00e1ximo suportado <\/strong>40 kg<\/li>\n<li class=\"specs-item specs-item-primary\"><strong>Peso <\/strong>3 kg<\/li>\n<\/ul>\n<\/section>\n<\/div>\n<\/section>\n<section class=\"main-section item-description \">\n<h2 class=\"main-section__title item-description__title\">Descri\u00e7\u00e3o<\/h2>\n<div id=\"description-includes\" class=\"item-description__content \">\n<div class=\"item-description__text\">\n<p>TRANSBIKE ESTEPE C\/ AL\u00c7As para prender as bikes no suporte<\/p>\n<p>descri\u00e7\u00e3o<\/p>\n<p>Pr\u00e1tico<br \/>\nSeguro<br \/>\nFixa\u00e7\u00e3o pr\u00e1tica das bikes c\/ uso de AL\u00c7AS de borracha<br \/>\nA poia-se NO ESTEPE DO CARRO<br \/>\nEXEMPLOS DE CARROS COM ESTEPE TRASEIRO<br \/>\n&#8211; Ecosport<br \/>\n&#8211; Tr4<br \/>\n&#8211; Air Cross<\/p>\n<p>Transbike Estepe c\/ AL\u00c7AS de fixa\u00e7\u00e3o p\/ 3 bikes, PARA USO NO ESTEPE DO CARRO<\/p>\n<p>&#8211; Estrutura leve, bonita e resistente<br \/>\n&#8211; Produto bem acabado<br \/>\n&#8211; Para o transporte de at\u00e9 3 bikes no estepe do carro<br \/>\n&#8211; Bra\u00e7os retr\u00e1teis<br \/>\n&#8211; 6 encaixes de borracha C\/ Al\u00e7as para acomodar at\u00e9 3 bikes<br \/>\n&#8211; Uso em carros com estepe na tampa do porta-malas<br \/>\n&#8211; Dobr\u00e1vel e compacto para ser guardado no p-malas qdo fora de uso<br \/>\n&#8211; O arco abra\u00e7a estepes com at\u00e9 26,5cm na largura<\/p>\n<\/div>\n<p>Imagens meramente ilustrativas<\/p>\n<p>&nbsp;<\/p>\n<\/div>\n<\/section>\n","protected":false},"featured_media":8869,"template":"","meta":[],"product_brand":[],"product_cat":[297],"product_tag":[],"class_list":{"0":"post-5549","1":"product","2":"type-product","3":"status-publish","4":"has-post-thumbnail","6":"product_cat-suporte-engate-transbike","8":"first","9":"outofstock","10":"shipping-taxable","11":"purchasable","12":"product-type-simple"},"_links":{"self":[{"href":"https:\/\/personalbiker.com.br\/lojapb\/wp-json\/wp\/v2\/product\/5549","targetHints":{"allow":["GET"]}}],"collection":[{"href":"https:\/\/personalbiker.com.br\/lojapb\/wp-json\/wp\/v2\/product"}],"about":[{"href":"https:\/\/personalbiker.com.br\/lojapb\/wp-json\/wp\/v2\/types\/product"}],"wp:featuredmedia":[{"embeddable":true,"href":"https:\/\/personalbiker.com.br\/lojapb\/wp-json\/wp\/v2\/media\/8869"}],"wp:attachment":[{"href":"https:\/\/personalbiker.com.br\/lojapb\/wp-json\/wp\/v2\/media?parent=5549"}],"wp:term":[{"taxonomy":"product_brand","embeddable":true,"href":"https:\/\/personalbiker.com.br\/lojapb\/wp-json\/wp\/v2\/product_brand?post=5549"},{"taxonomy":"product_cat","embeddable":true,"href":"https:\/\/personalbiker.com.br\/lojapb\/wp-json\/wp\/v2\/product_cat?post=5549"},{"taxonomy":"product_tag","embeddable":true,"href":"https:\/\/personalbiker.com.br\/lojapb\/wp-json\/wp\/v2\/product_tag?post=5549"}],"curies":[{"name":"wp","href":"https:\/\/api.w.org\/{rel}","templated":true}]}}