{"id":547,"date":"2017-05-10T14:39:37","date_gmt":"2017-05-10T14:39:37","guid":{"rendered":"http:\/\/personalbiker.com.br\/lojapb\/?product=pneu-90-90-18-city-pro-michelin"},"modified":"2023-04-04T08:11:54","modified_gmt":"2023-04-04T11:11:54","slug":"pneu-90-90-18-city-pro-michelin","status":"publish","type":"product","link":"https:\/\/personalbiker.com.br\/lojapb\/produto\/pneu-90-90-18-city-pro-michelin\/","title":{"rendered":"PNEU 90\/90-18 57P PILOT STREET TL\/TT MICHELIM TRASEIRO TITAN"},"content":{"rendered":"","protected":false},"excerpt":{"rendered":"<p>O MICHELIN Pilot Street possui novo desenho derivado dos pneus de alta performance, al\u00e9m de estrutura refor\u00e7ada, o pneu se mant\u00e9m firme no asfalto e a melhor durabilidade.Novo desenho derivado diretamente dos pneus de alta performance Estrutura refor\u00e7ada, projetada dentro dos padr\u00f5es de desempenho Michelin<\/p>\n<p>Pneu que se mant\u00e9m firme no asfalto: seguran\u00e7a e ader\u00eancia em m\u00e1s condi\u00e7\u00f5es de condu\u00e7\u00e3o A melhor durabilidade: m\u00ednimo de 30% a mais de vida \u00fatil quando comparado ao principal concorrente Desenho otimizado para um perfeito equil\u00edbrio entre ader\u00eancia em piso molhado e longa vida do pneu.Uso: Com ou Sem C\u00e2mara Aplica\u00e7\u00f5es: Yamaha YBR-125;Yamaha Fazer 150;Honda CG; Opcional honda Titan<\/p>\n<ul class=\"questions__list\">\n<li class=\"questions__group questions__group--1 \">\n<article class=\"questions__item questions__item--answer\">\n<div class=\"questions__content\">\n<p>\u00a0Fabrica\u00e7\u00e3o de 2018 garantia de fabrica de 5anos<span style=\"color: #333333;font-size: 14.4px\">\u00a0<\/span><\/p>\n<\/div>\n<\/article>\n<\/li>\n<li class=\"questions__group questions__group--1 \">\n<article class=\"questions__item questions__item--question\">\n<div class=\"questions__icon \"><span style=\"color: #555555;font-size: 14.4px\">\u00a0Sem C\u00e2mara<\/span><\/div>\n<\/article>\n<\/li>\n<\/ul>\n<p>IMAGENS MERAMENTE ILUSTRATIVAS<\/p>\n","protected":false},"featured_media":5329,"template":"","meta":[],"product_brand":[],"product_cat":[67],"product_tag":[],"class_list":{"0":"post-547","1":"product","2":"type-product","3":"status-publish","4":"has-post-thumbnail","6":"product_cat-pneu-moto","8":"first","9":"outofstock","10":"purchasable","11":"product-type-simple"},"_links":{"self":[{"href":"https:\/\/personalbiker.com.br\/lojapb\/wp-json\/wp\/v2\/product\/547","targetHints":{"allow":["GET"]}}],"collection":[{"href":"https:\/\/personalbiker.com.br\/lojapb\/wp-json\/wp\/v2\/product"}],"about":[{"href":"https:\/\/personalbiker.com.br\/lojapb\/wp-json\/wp\/v2\/types\/product"}],"wp:featuredmedia":[{"embeddable":true,"href":"https:\/\/personalbiker.com.br\/lojapb\/wp-json\/wp\/v2\/media\/5329"}],"wp:attachment":[{"href":"https:\/\/personalbiker.com.br\/lojapb\/wp-json\/wp\/v2\/media?parent=547"}],"wp:term":[{"taxonomy":"product_brand","embeddable":true,"href":"https:\/\/personalbiker.com.br\/lojapb\/wp-json\/wp\/v2\/product_brand?post=547"},{"taxonomy":"product_cat","embeddable":true,"href":"https:\/\/personalbiker.com.br\/lojapb\/wp-json\/wp\/v2\/product_cat?post=547"},{"taxonomy":"product_tag","embeddable":true,"href":"https:\/\/personalbiker.com.br\/lojapb\/wp-json\/wp\/v2\/product_tag?post=547"}],"curies":[{"name":"wp","href":"https:\/\/api.w.org\/{rel}","templated":true}]}}