{"id":5373,"date":"2019-04-23T15:33:35","date_gmt":"2019-04-23T18:33:35","guid":{"rendered":"http:\/\/personalbiker.com.br\/lojapb\/?post_type=product&#038;p=5373"},"modified":"2022-08-23T13:51:39","modified_gmt":"2022-08-23T16:51:39","slug":"pneu-130-70-17-mc-62s-pilot-street-r-tl-tt-twister-fazer-cb-300-michelin","status":"publish","type":"product","link":"https:\/\/personalbiker.com.br\/lojapb\/produto\/pneu-130-70-17-mc-62s-pilot-street-r-tl-tt-twister-fazer-cb-300-michelin\/","title":{"rendered":"Pneu 130\/70-17 MC 62S PILOT STREET R TL\/TT TWISTER FAZER CB 300 MICHELIN"},"content":{"rendered":"","protected":false},"excerpt":{"rendered":"<p>Pneu Traseiro sem C\u00e2mara<\/p>\n<p>Novo desenho derivado diretamente dos pneus de alta performance<br \/>\nEstrutura refor\u00e7ada, projetada dentro dos padr\u00f5es de desempenho Michelin<br \/>\nPneu que se mant\u00e9m firme no asfalto: seguran\u00e7a e ader\u00eancia at\u00e9 mesmo em severas condi\u00e7\u00f5es de pilotagem* e ader\u00eancia em m\u00e1s condi\u00e7\u00f5es de condu\u00e7\u00e3o*<br \/>\nA melhor durabilidade: m\u00ednimo de 30% a mais de vida \u00fatil quando comparado ao principal concorrente<br \/>\nDesenho otimizado para um perfeito equil\u00edbrio entre ader\u00eancia em piso molhado e longa vida do pneu<\/p>\n<p>IMAGENS MERAMENTE ILUSTRATIVAS<\/p>\n","protected":false},"featured_media":5392,"template":"","meta":[],"product_brand":[],"product_cat":[67],"product_tag":[],"class_list":{"0":"post-5373","1":"product","2":"type-product","3":"status-publish","4":"has-post-thumbnail","6":"product_cat-pneu-moto","8":"first","9":"outofstock","10":"shipping-taxable","11":"purchasable","12":"product-type-simple"},"_links":{"self":[{"href":"https:\/\/personalbiker.com.br\/lojapb\/wp-json\/wp\/v2\/product\/5373","targetHints":{"allow":["GET"]}}],"collection":[{"href":"https:\/\/personalbiker.com.br\/lojapb\/wp-json\/wp\/v2\/product"}],"about":[{"href":"https:\/\/personalbiker.com.br\/lojapb\/wp-json\/wp\/v2\/types\/product"}],"wp:featuredmedia":[{"embeddable":true,"href":"https:\/\/personalbiker.com.br\/lojapb\/wp-json\/wp\/v2\/media\/5392"}],"wp:attachment":[{"href":"https:\/\/personalbiker.com.br\/lojapb\/wp-json\/wp\/v2\/media?parent=5373"}],"wp:term":[{"taxonomy":"product_brand","embeddable":true,"href":"https:\/\/personalbiker.com.br\/lojapb\/wp-json\/wp\/v2\/product_brand?post=5373"},{"taxonomy":"product_cat","embeddable":true,"href":"https:\/\/personalbiker.com.br\/lojapb\/wp-json\/wp\/v2\/product_cat?post=5373"},{"taxonomy":"product_tag","embeddable":true,"href":"https:\/\/personalbiker.com.br\/lojapb\/wp-json\/wp\/v2\/product_tag?post=5373"}],"curies":[{"name":"wp","href":"https:\/\/api.w.org\/{rel}","templated":true}]}}