{"id":5346,"date":"2019-04-23T14:36:50","date_gmt":"2019-04-23T17:36:50","guid":{"rendered":"http:\/\/personalbiker.com.br\/lojapb\/?post_type=product&#038;p=5346"},"modified":"2019-08-07T17:54:22","modified_gmt":"2019-08-07T20:54:22","slug":"pneu-110-70-17-mc-54s-pilot-street-front-michelim","status":"publish","type":"product","link":"https:\/\/personalbiker.com.br\/lojapb\/produto\/pneu-110-70-17-mc-54s-pilot-street-front-michelim\/","title":{"rendered":"Pneu 110\/70-17 MC 54S  PILOT STREET  FRONT MICHELIM"},"content":{"rendered":"","protected":false},"excerpt":{"rendered":"<p>O MICHELIN Pilot Street possui novo desenho derivado dos pneus de alta performance, al\u00e9m de estrutura refor\u00e7ada, o pneu se mant\u00e9m firme no asfalto e a melhor durabilidade. Caracter\u00edsticas \u2022 Novo desenho derivado diretamente dos pneus de alta performance \u2022 Estrutura refor\u00e7ada, projetada dentro dos padr\u00f5es de desempenho Michelin \u2022 Pneu que se mant\u00e9m firme no asfalto: seguran\u00e7a e ader\u00eancia em m\u00e1s condi\u00e7\u00f5es de condu\u00e7\u00e3o \u2022 A melhor durabilidade: m\u00ednimo de 30% a mais de vida \u00fatil quando comparado ao principal concorrente \u2022 Desenho otimizado para um perfeito equil\u00edbrio entre ader\u00eancia em piso molhado e longa vida do pneu.<\/p>\n<p>&nbsp;<\/p>\n<p>IMAGENS MERAMENTE ILUSTRATIVAS<\/p>\n","protected":false},"featured_media":5348,"template":"","meta":[],"product_brand":[],"product_cat":[67],"product_tag":[],"class_list":{"0":"post-5346","1":"product","2":"type-product","3":"status-publish","4":"has-post-thumbnail","6":"product_cat-pneu-moto","8":"first","9":"outofstock","10":"shipping-taxable","11":"purchasable","12":"product-type-simple"},"_links":{"self":[{"href":"https:\/\/personalbiker.com.br\/lojapb\/wp-json\/wp\/v2\/product\/5346","targetHints":{"allow":["GET"]}}],"collection":[{"href":"https:\/\/personalbiker.com.br\/lojapb\/wp-json\/wp\/v2\/product"}],"about":[{"href":"https:\/\/personalbiker.com.br\/lojapb\/wp-json\/wp\/v2\/types\/product"}],"wp:featuredmedia":[{"embeddable":true,"href":"https:\/\/personalbiker.com.br\/lojapb\/wp-json\/wp\/v2\/media\/5348"}],"wp:attachment":[{"href":"https:\/\/personalbiker.com.br\/lojapb\/wp-json\/wp\/v2\/media?parent=5346"}],"wp:term":[{"taxonomy":"product_brand","embeddable":true,"href":"https:\/\/personalbiker.com.br\/lojapb\/wp-json\/wp\/v2\/product_brand?post=5346"},{"taxonomy":"product_cat","embeddable":true,"href":"https:\/\/personalbiker.com.br\/lojapb\/wp-json\/wp\/v2\/product_cat?post=5346"},{"taxonomy":"product_tag","embeddable":true,"href":"https:\/\/personalbiker.com.br\/lojapb\/wp-json\/wp\/v2\/product_tag?post=5346"}],"curies":[{"name":"wp","href":"https:\/\/api.w.org\/{rel}","templated":true}]}}