{"id":5341,"date":"2019-04-23T14:25:07","date_gmt":"2019-04-23T17:25:07","guid":{"rendered":"http:\/\/personalbiker.com.br\/lojapb\/?post_type=product&#038;p=5341"},"modified":"2022-08-23T14:01:15","modified_gmt":"2022-08-23T17:01:15","slug":"pneu-100-90-18-mc-56p-pilot-street-tl-tt-strada-traseiro-michelin","status":"publish","type":"product","link":"https:\/\/personalbiker.com.br\/lojapb\/produto\/pneu-100-90-18-mc-56p-pilot-street-tl-tt-strada-traseiro-michelin\/","title":{"rendered":"Pneu 100\/90-18 MC 56P PILOT STREET TL\/TT STRADA TRASEIRO MICHELIN"},"content":{"rendered":"","protected":false},"excerpt":{"rendered":"<p>Pneu Traseiro sem C\u00e2mara apenas 1 unidade<\/p>\n<p>Novo desenho derivado diretamente dos pneus de alta performance<br \/>\nEstrutura refor\u00e7ada, projetada dentro dos padr\u00f5es de desempenho Michelin<br \/>\nPneu que se mant\u00e9m firme no asfalto: seguran\u00e7a e ader\u00eancia at\u00e9 mesmo em severas condi\u00e7\u00f5es de pilotagem* e ader\u00eancia em m\u00e1s condi\u00e7\u00f5es de condu\u00e7\u00e3o*<br \/>\nA melhor durabilidade: m\u00ednimo de 30% a mais de vida \u00fatil quando comparado ao principal concorrente<br \/>\nDesenho otimizado para um perfeito equil\u00edbrio entre ader\u00eancia em piso molhado e longa vida do pneu<\/p>\n<p>imagens meramente ilustrativa<\/p>\n<p>&nbsp;<\/p>\n","protected":false},"featured_media":5343,"template":"","meta":[],"product_brand":[],"product_cat":[67],"product_tag":[],"class_list":{"0":"post-5341","1":"product","2":"type-product","3":"status-publish","4":"has-post-thumbnail","6":"product_cat-pneu-moto","8":"first","9":"outofstock","10":"shipping-taxable","11":"purchasable","12":"product-type-simple"},"_links":{"self":[{"href":"https:\/\/personalbiker.com.br\/lojapb\/wp-json\/wp\/v2\/product\/5341","targetHints":{"allow":["GET"]}}],"collection":[{"href":"https:\/\/personalbiker.com.br\/lojapb\/wp-json\/wp\/v2\/product"}],"about":[{"href":"https:\/\/personalbiker.com.br\/lojapb\/wp-json\/wp\/v2\/types\/product"}],"wp:featuredmedia":[{"embeddable":true,"href":"https:\/\/personalbiker.com.br\/lojapb\/wp-json\/wp\/v2\/media\/5343"}],"wp:attachment":[{"href":"https:\/\/personalbiker.com.br\/lojapb\/wp-json\/wp\/v2\/media?parent=5341"}],"wp:term":[{"taxonomy":"product_brand","embeddable":true,"href":"https:\/\/personalbiker.com.br\/lojapb\/wp-json\/wp\/v2\/product_brand?post=5341"},{"taxonomy":"product_cat","embeddable":true,"href":"https:\/\/personalbiker.com.br\/lojapb\/wp-json\/wp\/v2\/product_cat?post=5341"},{"taxonomy":"product_tag","embeddable":true,"href":"https:\/\/personalbiker.com.br\/lojapb\/wp-json\/wp\/v2\/product_tag?post=5341"}],"curies":[{"name":"wp","href":"https:\/\/api.w.org\/{rel}","templated":true}]}}