{"id":5155,"date":"2019-04-18T17:42:04","date_gmt":"2019-04-18T20:42:04","guid":{"rendered":"http:\/\/personalbiker.com.br\/lojapb\/?post_type=product&#038;p=5155"},"modified":"2020-07-22T15:38:23","modified_gmt":"2020-07-22T18:38:23","slug":"slider-balanca-anker-m6-preto-anodizado","status":"publish","type":"product","link":"https:\/\/personalbiker.com.br\/lojapb\/produto\/slider-balanca-anker-m6-preto-anodizado\/","title":{"rendered":"SLIDER BALAN\u00c7A ANKER M6 PRETO ANODIZADO"},"content":{"rendered":"","protected":false},"excerpt":{"rendered":"<h2 class=\"description__product-title\">Slider De Balan\u00e7a Anker 02.60.21.001 M6 Yamaha MT Preto Anodizado<\/h2>\n<p>Para facilitar e proteger a integridade das carenagens traseiras e balan\u00e7a da motocicleta a Anker disponibiliza os Sliders .<br \/>\nCompatibilidade: Yamaha Mt 01 06\/08 Yamaha Mt 03 08 em diante Yamaha Mt 09 14 em diante Yamaha R1 04 em diante Yamaha R6 06 em diante Yamaha R3 15<br \/>\n&#8211; Possibilita al\u00e9m da prote\u00e7\u00e3o \u00e0 utiliza\u00e7\u00e3o do Cavalete Traseiro para manuten\u00e7\u00f5es, lubrifica\u00e7\u00f5es e at\u00e9 mesmo exposi\u00e7\u00e3o da motocicleta em feiras e eventos.<br \/>\nProdutos de decora\u00e7\u00e3o n\u00e3o inclusos. Imagens meramente ilustrativas.<br \/>\nCor: Preto Anodizado Refer\u00eancia: 02.60.21.001 Material: Alum\u00ednio<br \/>\nMarca: Anker Conte\u00fado da embalagem: 1 Par de Sliders Dimens\u00f5es aproximadas do produto: 7 x 13 x 26 cm (A x L x C) Dimens\u00f5es aproximadas da embalagem: 18 x 25 x 30 cm (A x L x C) Peso aproximado do produto: 0,1 Kg Peso aproximado da embalagem: 0,2 Kg Informa\u00e7\u00f5es Adicionais: Prote\u00e7\u00e3o e seguran\u00e7a aliados ao estilo e a modernidade<\/p>\n<p>IMAGENS MERAMENTE ILUSTRATIVAS<\/p>\n","protected":false},"featured_media":5160,"template":"","meta":[],"product_brand":[],"product_cat":[22],"product_tag":[],"class_list":{"0":"post-5155","1":"product","2":"type-product","3":"status-publish","4":"has-post-thumbnail","6":"product_cat-slaiders","8":"first","9":"outofstock","10":"shipping-taxable","11":"purchasable","12":"product-type-simple"},"_links":{"self":[{"href":"https:\/\/personalbiker.com.br\/lojapb\/wp-json\/wp\/v2\/product\/5155","targetHints":{"allow":["GET"]}}],"collection":[{"href":"https:\/\/personalbiker.com.br\/lojapb\/wp-json\/wp\/v2\/product"}],"about":[{"href":"https:\/\/personalbiker.com.br\/lojapb\/wp-json\/wp\/v2\/types\/product"}],"wp:featuredmedia":[{"embeddable":true,"href":"https:\/\/personalbiker.com.br\/lojapb\/wp-json\/wp\/v2\/media\/5160"}],"wp:attachment":[{"href":"https:\/\/personalbiker.com.br\/lojapb\/wp-json\/wp\/v2\/media?parent=5155"}],"wp:term":[{"taxonomy":"product_brand","embeddable":true,"href":"https:\/\/personalbiker.com.br\/lojapb\/wp-json\/wp\/v2\/product_brand?post=5155"},{"taxonomy":"product_cat","embeddable":true,"href":"https:\/\/personalbiker.com.br\/lojapb\/wp-json\/wp\/v2\/product_cat?post=5155"},{"taxonomy":"product_tag","embeddable":true,"href":"https:\/\/personalbiker.com.br\/lojapb\/wp-json\/wp\/v2\/product_tag?post=5155"}],"curies":[{"name":"wp","href":"https:\/\/api.w.org\/{rel}","templated":true}]}}