{"id":5150,"date":"2019-04-18T17:33:22","date_gmt":"2019-04-18T20:33:22","guid":{"rendered":"http:\/\/personalbiker.com.br\/lojapb\/?post_type=product&#038;p=5150"},"modified":"2020-07-24T16:04:05","modified_gmt":"2020-07-24T19:04:05","slug":"slider-balanca-anker-m12-preto-anodizado","status":"publish","type":"product","link":"https:\/\/personalbiker.com.br\/lojapb\/produto\/slider-balanca-anker-m12-preto-anodizado\/","title":{"rendered":"SLIDER BALAN\u00c7A ANKER M12 PRETO ANODIZADO"},"content":{"rendered":"","protected":false},"excerpt":{"rendered":"<p>Para facilitar e proteger a integridade das carenagens traseiras e balan\u00e7a da motocicleta a Anker Acess\u00f3rios disponibiliza os Sliders Traseiros. Fabricados em duro alum\u00ednio, com acabamento em diversas op\u00e7\u00f5es de cores, de simples e r\u00e1pida instala\u00e7\u00e3o, n\u00e3o requer adapta\u00e7\u00f5es ou altera\u00e7\u00f5es na motocicleta, possibilitando al\u00e9m da prote\u00e7\u00e3o \u00e0 utiliza\u00e7\u00e3o do Cavalete Traseiro para manuten\u00e7\u00f5es, lubrifica\u00e7\u00f5es e at\u00e9 mesmo exposi\u00e7\u00e3o da motocicleta em feiras e eventos.<\/p>\n<p>MOTOS COMPAT\u00cdVEIS:<\/p>\n<p>KASINSKI COMET GT 650<br \/>\nKASINSKI COMET GTR 650<\/p>\n<p>&nbsp;<\/p>\n<p>IMAGENS MERAMENTE ILUSTRATIVAS<\/p>\n","protected":false},"featured_media":5152,"template":"","meta":[],"product_brand":[],"product_cat":[22],"product_tag":[],"class_list":{"0":"post-5150","1":"product","2":"type-product","3":"status-publish","4":"has-post-thumbnail","6":"product_cat-slaiders","8":"first","9":"outofstock","10":"shipping-taxable","11":"purchasable","12":"product-type-simple"},"_links":{"self":[{"href":"https:\/\/personalbiker.com.br\/lojapb\/wp-json\/wp\/v2\/product\/5150","targetHints":{"allow":["GET"]}}],"collection":[{"href":"https:\/\/personalbiker.com.br\/lojapb\/wp-json\/wp\/v2\/product"}],"about":[{"href":"https:\/\/personalbiker.com.br\/lojapb\/wp-json\/wp\/v2\/types\/product"}],"wp:featuredmedia":[{"embeddable":true,"href":"https:\/\/personalbiker.com.br\/lojapb\/wp-json\/wp\/v2\/media\/5152"}],"wp:attachment":[{"href":"https:\/\/personalbiker.com.br\/lojapb\/wp-json\/wp\/v2\/media?parent=5150"}],"wp:term":[{"taxonomy":"product_brand","embeddable":true,"href":"https:\/\/personalbiker.com.br\/lojapb\/wp-json\/wp\/v2\/product_brand?post=5150"},{"taxonomy":"product_cat","embeddable":true,"href":"https:\/\/personalbiker.com.br\/lojapb\/wp-json\/wp\/v2\/product_cat?post=5150"},{"taxonomy":"product_tag","embeddable":true,"href":"https:\/\/personalbiker.com.br\/lojapb\/wp-json\/wp\/v2\/product_tag?post=5150"}],"curies":[{"name":"wp","href":"https:\/\/api.w.org\/{rel}","templated":true}]}}