{"id":5143,"date":"2019-04-18T17:21:37","date_gmt":"2019-04-18T20:21:37","guid":{"rendered":"http:\/\/personalbiker.com.br\/lojapb\/?post_type=product&#038;p=5143"},"modified":"2022-08-23T15:47:27","modified_gmt":"2022-08-23T18:47:27","slug":"slider-balanca-anker-m10-preto-anodizado","status":"publish","type":"product","link":"https:\/\/personalbiker.com.br\/lojapb\/produto\/slider-balanca-anker-m10-preto-anodizado\/","title":{"rendered":"SLIDER BALAN\u00c7A ANKER M10 PRETO ANODIZADO"},"content":{"rendered":"","protected":false},"excerpt":{"rendered":"<p><b>Material:<\/b>\u00a0ALUM\u00cdNIO<\/p>\n<p><b>Peso:<\/b>\u00a00.12 Kg<\/p>\n<div id=\"titInfoMostraProduto\">INFORMA\u00c7\u00d5ES ADICIONAIS<\/div>\n<div>SLIDER DE BALAN\u00c7A M10 &#8211;<br \/>\nPara facilitar e proteger a integridade das carenagens traseiras e balan\u00e7a da<br \/>\nmotocicleta a Anker Acess\u00f3rios disponibiliza os Sliders Traseiros. Fabricados em<br \/>\nduro alum\u00ednio, com acabamento em diversas op\u00e7\u00f5es de cores, de simples e r\u00e1pida<br \/>\ninstala\u00e7\u00e3o, n\u00e3o requer adapta\u00e7\u00f5es ou altera\u00e7\u00f5es na motocicleta, possibilitando al\u00e9m<br \/>\nda prote\u00e7\u00e3o \u00e0 utiliza\u00e7\u00e3o do Cavalete Traseiro para manuten\u00e7\u00f5es, lubrifica\u00e7\u00f5es e at\u00e9<br \/>\nmesmo exposi\u00e7\u00e3o da motocicleta em feiras e eventos.<br \/>\nMOTOS COMPAT\u00cdVEIS:<br \/>\nKAWASAKI 636 05\/06 &#8211;\u00a0KAWASAKI ER-6N 10&#8230;<br \/>\nKAWASAKI NINJA 1000 11&#8230; &#8211; KAWASAKI NINJA 250 09&#8230;<br \/>\nKAWASAKI NINJA 300 13&#8230; &#8211; KAWASAKI NINJA 650R 10&#8230;<br \/>\nKAWASAKI VERSYS 1000 12&#8230; &#8211; KAWASAKI VERSYS 650 10&#8230;<br \/>\nKAWASAKI Z 1000 10&#8230; &#8211; KAWASAKI Z 750 08&#8230;<br \/>\nKAWASAKI ZX 10R 05\/06 &#8211; KAWASAKI ZX 10R 08\/10<br \/>\nKAWASAKI ZX 14R 10&#8230; &#8211; KAWASAKI ZX 6R 07\/12<br \/>\nOBS:\u00a0Antes de efetuar a compra escolha a cor do produto.<br \/>\nCORES:\u00a0( Preto, Prata e Dourado )<\/div>\n<p>MOTOS COMPAT\u00cdVEIS:<\/p>\n<p>KAWASAKI 636 05\/06<br \/>\nKAWASAKI ER-6N 10&#8230;<br \/>\nKAWASAKI NINJA 1000 11\/17<br \/>\nKAWASAKI NINJA 250 09&#8230;<br \/>\nKAWASAKI NINJA 300 13&#8230;<br \/>\nKAWASAKI NINJA 650R 10&#8230;<br \/>\nKAWASAKI VERSYS 1000 12&#8230;<br \/>\nKAWASAKI VERSYS 650 10\/14<br \/>\nKAWASAKI Z 300 15&#8230;<br \/>\nKAWASAKI Z 1000 10\/12<br \/>\nKAWASAKI Z 750 08&#8230;<br \/>\nKAWASAKI ZX 10R 05\/06<br \/>\nKAWASAKI ZX 10R 08\/10<br \/>\nKAWASAKI ZX 14R 10&#8230;<br \/>\nKAWASAKI ZX 6R 07\/12<\/p>\n<p>IMAGENS MERAMENTE ILUSTRATIVAS<\/p>\n","protected":false},"featured_media":5148,"template":"","meta":[],"product_brand":[],"product_cat":[22],"product_tag":[],"class_list":{"0":"post-5143","1":"product","2":"type-product","3":"status-publish","4":"has-post-thumbnail","6":"product_cat-slaiders","8":"first","9":"outofstock","10":"shipping-taxable","11":"purchasable","12":"product-type-simple"},"_links":{"self":[{"href":"https:\/\/personalbiker.com.br\/lojapb\/wp-json\/wp\/v2\/product\/5143","targetHints":{"allow":["GET"]}}],"collection":[{"href":"https:\/\/personalbiker.com.br\/lojapb\/wp-json\/wp\/v2\/product"}],"about":[{"href":"https:\/\/personalbiker.com.br\/lojapb\/wp-json\/wp\/v2\/types\/product"}],"wp:featuredmedia":[{"embeddable":true,"href":"https:\/\/personalbiker.com.br\/lojapb\/wp-json\/wp\/v2\/media\/5148"}],"wp:attachment":[{"href":"https:\/\/personalbiker.com.br\/lojapb\/wp-json\/wp\/v2\/media?parent=5143"}],"wp:term":[{"taxonomy":"product_brand","embeddable":true,"href":"https:\/\/personalbiker.com.br\/lojapb\/wp-json\/wp\/v2\/product_brand?post=5143"},{"taxonomy":"product_cat","embeddable":true,"href":"https:\/\/personalbiker.com.br\/lojapb\/wp-json\/wp\/v2\/product_cat?post=5143"},{"taxonomy":"product_tag","embeddable":true,"href":"https:\/\/personalbiker.com.br\/lojapb\/wp-json\/wp\/v2\/product_tag?post=5143"}],"curies":[{"name":"wp","href":"https:\/\/api.w.org\/{rel}","templated":true}]}}