{"id":511,"date":"2016-10-20T15:59:40","date_gmt":"2016-10-20T15:59:40","guid":{"rendered":"http:\/\/personalbiker.com.br\/lojapb\/?product=evolution-788-for-girls"},"modified":"2022-08-17T16:40:14","modified_gmt":"2022-08-17T19:40:14","slug":"evolution-788-for-girls","status":"publish","type":"product","link":"https:\/\/personalbiker.com.br\/lojapb\/produto\/evolution-788-for-girls\/","title":{"rendered":"Capacete Pro Tork Evolution 788  G3 &#8211; For Girls"},"content":{"rendered":"","protected":false},"excerpt":{"rendered":"<p>Casco confeccionado em ABS natural de alto impacto;<\/p>\n<p>Revestimento de prote\u00e7\u00e3o confeccionado em EPS (tamb\u00e9m chamado ber\u00e7o) de alto impacto;<\/p>\n<p>Revestimento de conforto(forro) confeccionado com nylon em pluma duplo,antial\u00e9rgico,espuma com espessura de 10 mm e densidade 28;<\/p>\n<p>Cinta jugular confeccionada em nylon revestida com duplado em pluma e feixe de engate r\u00e1pido;<\/p>\n<p>Viseira de policarbonato injetada de 2,0 mm, altamente resistente;<\/p>\n<p>Gr\u00e1\u00adfico em transfer com design inovador e maior resist\u00eancia a a\u00e7\u00e3o do tempo;<\/p>\n<p>Troca de viseira com parafusos Philips;<\/p>\n<p>Entradas de ar frontais,uma no queixo e duas na frente, todas control\u00e1veis<\/p>\n<p>Estabilizador aerodin\u00e2mico<\/p>\n<p>Para saber o tamanho adequado, medir circunfer\u00eancia da<br \/>\ncabe\u00e7a na altura da testa.<\/p>\n<p>imagens meramente ilustrativas<\/p>\n","protected":false},"featured_media":510,"template":"","meta":[],"product_brand":[],"product_cat":[25,52],"product_tag":[],"class_list":{"0":"post-511","1":"product","2":"type-product","3":"status-publish","4":"has-post-thumbnail","6":"product_cat-capacetes","7":"product_cat-pro-tork","8":"pa_cor-rosa","9":"pa_tamanho-73","11":"first","12":"outofstock","13":"purchasable","14":"product-type-variable"},"_links":{"self":[{"href":"https:\/\/personalbiker.com.br\/lojapb\/wp-json\/wp\/v2\/product\/511","targetHints":{"allow":["GET"]}}],"collection":[{"href":"https:\/\/personalbiker.com.br\/lojapb\/wp-json\/wp\/v2\/product"}],"about":[{"href":"https:\/\/personalbiker.com.br\/lojapb\/wp-json\/wp\/v2\/types\/product"}],"wp:featuredmedia":[{"embeddable":true,"href":"https:\/\/personalbiker.com.br\/lojapb\/wp-json\/wp\/v2\/media\/510"}],"wp:attachment":[{"href":"https:\/\/personalbiker.com.br\/lojapb\/wp-json\/wp\/v2\/media?parent=511"}],"wp:term":[{"taxonomy":"product_brand","embeddable":true,"href":"https:\/\/personalbiker.com.br\/lojapb\/wp-json\/wp\/v2\/product_brand?post=511"},{"taxonomy":"product_cat","embeddable":true,"href":"https:\/\/personalbiker.com.br\/lojapb\/wp-json\/wp\/v2\/product_cat?post=511"},{"taxonomy":"product_tag","embeddable":true,"href":"https:\/\/personalbiker.com.br\/lojapb\/wp-json\/wp\/v2\/product_tag?post=511"}],"curies":[{"name":"wp","href":"https:\/\/api.w.org\/{rel}","templated":true}]}}