{"id":5100,"date":"2019-04-18T11:05:50","date_gmt":"2019-04-18T14:05:50","guid":{"rendered":"http:\/\/personalbiker.com.br\/lojapb\/?post_type=product&#038;p=5100"},"modified":"2021-05-18T15:24:55","modified_gmt":"2021-05-18T18:24:55","slug":"oleo-susp-bengala-atf-hidraulico-transmissao-1-l","status":"publish","type":"product","link":"https:\/\/personalbiker.com.br\/lojapb\/produto\/oleo-susp-bengala-atf-hidraulico-transmissao-1-l\/","title":{"rendered":"\u00d3LEO SUSP. BENGALA ATF HIDRAULICO TRANSMISS\u00c3O 1 L"},"content":{"rendered":"","protected":false},"excerpt":{"rendered":"<p>DESCRI\u00c7\u00c3O DO PRODUTO: \u00d3LEO ATF PARA DIRE\u00c7\u00c3O HIDR\u00c1ULICA<\/p>\n<p>&gt; FINALIDADE:<br \/>\n* LUBRIFICAR E PRESERVAR A DIRE\u00c7\u00c3O DO VEICULO DEIXANDO MACIA E LEVE.<br \/>\n* REDUZ A CORROS\u00c3O E DESGASTES DAS PE\u00c7AS.<\/p>\n<p>COMPOSTO A BASE DE MINERAL<\/p>\n<p>&gt; VALOR REFERENTE A 1 LITRO DE \u00d3LEO &lt;<\/p>\n<p>IMAGENS MERAMENTE ILUSTRATIVAS<\/p>\n","protected":false},"featured_media":5104,"template":"","meta":[],"product_brand":[],"product_cat":[24],"product_tag":[],"class_list":{"0":"post-5100","1":"product","2":"type-product","3":"status-publish","4":"has-post-thumbnail","6":"product_cat-oleos-lubrificantes","8":"first","9":"outofstock","10":"shipping-taxable","11":"purchasable","12":"product-type-simple"},"_links":{"self":[{"href":"https:\/\/personalbiker.com.br\/lojapb\/wp-json\/wp\/v2\/product\/5100","targetHints":{"allow":["GET"]}}],"collection":[{"href":"https:\/\/personalbiker.com.br\/lojapb\/wp-json\/wp\/v2\/product"}],"about":[{"href":"https:\/\/personalbiker.com.br\/lojapb\/wp-json\/wp\/v2\/types\/product"}],"wp:featuredmedia":[{"embeddable":true,"href":"https:\/\/personalbiker.com.br\/lojapb\/wp-json\/wp\/v2\/media\/5104"}],"wp:attachment":[{"href":"https:\/\/personalbiker.com.br\/lojapb\/wp-json\/wp\/v2\/media?parent=5100"}],"wp:term":[{"taxonomy":"product_brand","embeddable":true,"href":"https:\/\/personalbiker.com.br\/lojapb\/wp-json\/wp\/v2\/product_brand?post=5100"},{"taxonomy":"product_cat","embeddable":true,"href":"https:\/\/personalbiker.com.br\/lojapb\/wp-json\/wp\/v2\/product_cat?post=5100"},{"taxonomy":"product_tag","embeddable":true,"href":"https:\/\/personalbiker.com.br\/lojapb\/wp-json\/wp\/v2\/product_tag?post=5100"}],"curies":[{"name":"wp","href":"https:\/\/api.w.org\/{rel}","templated":true}]}}