{"id":509,"date":"2016-10-20T15:52:35","date_gmt":"2016-10-20T15:52:35","guid":{"rendered":"http:\/\/personalbiker.com.br\/lojapb\/?product=evolution-788-internacional"},"modified":"2022-08-17T16:40:49","modified_gmt":"2022-08-17T19:40:49","slug":"evolution-788-internacional","status":"publish","type":"product","link":"https:\/\/personalbiker.com.br\/lojapb\/produto\/evolution-788-internacional\/","title":{"rendered":"Capacete Pro Tork Evolution 788 &#8211; Internacional"},"content":{"rendered":"","protected":false},"excerpt":{"rendered":"<p>Casco confeccionado em ABS natural de alto impacto.<br \/>\n* Forra\u00e7\u00e3o interna, constitu\u00edda com tecido em camur\u00e7a com alto n\u00edvel de conforto e absor\u00e7\u00e3o.<\/p>\n<p>* Revestimento de prote\u00e7\u00e3o confeccionado em EPS (tamb\u00e9m chamado ber\u00e7o) de alto impacto.<br \/>\n* Cinta jugular confeccionado com nylon em pluma duplo e fechamento de engate r\u00e1pido.<br \/>\n* Viseira de policarbonato injetada de dupla curvatura com 2,00mm alto impacto, troca com parafusos Philips.<br \/>\n* Gr\u00e1fico em transfer com com design inovador e maior resist\u00eancia a a\u00e7\u00e3o do tempo.<br \/>\n* Detalhes entradas de ar frontal, uma no queixo e duas na frente, todas control\u00e1veis.<\/p>\n<p>Para saber o tamanho adequado, medir circunfer\u00eancia da<br \/>\ncabe\u00e7a na altura da testa.<\/p>\n<p>imagens meramente ilustrativas<\/p>\n","protected":false},"featured_media":508,"template":"","meta":[],"product_brand":[],"product_cat":[52],"product_tag":[],"class_list":{"0":"post-509","1":"product","2":"type-product","3":"status-publish","4":"has-post-thumbnail","6":"product_cat-pro-tork","7":"pa_tamanho-73","8":"pa_tamanho-75","10":"first","11":"outofstock","12":"purchasable","13":"product-type-variable"},"_links":{"self":[{"href":"https:\/\/personalbiker.com.br\/lojapb\/wp-json\/wp\/v2\/product\/509","targetHints":{"allow":["GET"]}}],"collection":[{"href":"https:\/\/personalbiker.com.br\/lojapb\/wp-json\/wp\/v2\/product"}],"about":[{"href":"https:\/\/personalbiker.com.br\/lojapb\/wp-json\/wp\/v2\/types\/product"}],"wp:featuredmedia":[{"embeddable":true,"href":"https:\/\/personalbiker.com.br\/lojapb\/wp-json\/wp\/v2\/media\/508"}],"wp:attachment":[{"href":"https:\/\/personalbiker.com.br\/lojapb\/wp-json\/wp\/v2\/media?parent=509"}],"wp:term":[{"taxonomy":"product_brand","embeddable":true,"href":"https:\/\/personalbiker.com.br\/lojapb\/wp-json\/wp\/v2\/product_brand?post=509"},{"taxonomy":"product_cat","embeddable":true,"href":"https:\/\/personalbiker.com.br\/lojapb\/wp-json\/wp\/v2\/product_cat?post=509"},{"taxonomy":"product_tag","embeddable":true,"href":"https:\/\/personalbiker.com.br\/lojapb\/wp-json\/wp\/v2\/product_tag?post=509"}],"curies":[{"name":"wp","href":"https:\/\/api.w.org\/{rel}","templated":true}]}}