{"id":5078,"date":"2019-04-18T10:30:53","date_gmt":"2019-04-18T13:30:53","guid":{"rendered":"http:\/\/personalbiker.com.br\/lojapb\/?post_type=product&#038;p=5078"},"modified":"2022-08-22T15:05:56","modified_gmt":"2022-08-22T18:05:56","slug":"oleo-4t-motul-7100-10w40","status":"publish","type":"product","link":"https:\/\/personalbiker.com.br\/lojapb\/produto\/oleo-4t-motul-7100-10w40\/","title":{"rendered":"\u00d3LEO 4T MOTUL 7100 -10W40"},"content":{"rendered":"","protected":false},"excerpt":{"rendered":"<p>\u00d3leo Motor Moto MOTUL 7100 10W40 4T Sint\u00e9tico 1 LITRO<\/p>\n<p>\u00d3LEO MOTUL 7100 10W40<br \/>\n100% Sint\u00e9tico com Tecnologia \u00c9ster \u00a0(1 Litro)<br \/>\nLubrificante de Alto Desempenho e ALTA DURABILIDADE para Motos 4T<br \/>\nA BASE \u00c9STER TEM A TECNOLOGIA AVAN\u00c7ADA CAPAZ DE MANTER A VISCOSIDADE DO \u00d3LEO MESMO EM ALTAS TEMPERATURAS SEM PERDER AS CARACTER\u00cdSTICAS DE LUBRIFICA\u00c7\u00c3O):<br \/>\nOS LUBRIFICANTES DA LINHA 7100 FORAM PROJETADOS PARA RODAREM AT\u00c9 10.000 KM.<br \/>\n(Recomendamos primeiramente sempre seguir as recomenda\u00e7\u00f5es do Manual da sua Motocicleta).<\/p>\n<p>APLICA\u00c7\u00d5ES<br \/>\nDesenvolvido para motos de elevado desempenho: motos esportivas, urbanas, trail, todo terreno, enduro&#8230;.. equipadas com motores de 4 tempos, com embreagem e caixa de velocidades integradas ou n\u00e3o, motores que respondam \u00e0s especifica\u00e7\u00f5es anticontaminantes Euro II ou Euro III, com sistemas de p\u00f3s tratamento de gases do escapamento: catalisadores, inje\u00e7\u00e3o de ar do escapamento.<br \/>\nOutras aplica\u00e7\u00f5es: Motos de uso di\u00e1rio, Scooters, Quadriciclos, Ciclomotores, ATV sem sistema catal\u00edtico<\/p>\n<p>DESEMPENHO<br \/>\nNORMAS API SL\/SJ\/SH\/SG<br \/>\nHOMOLOGA\u00c7\u00d5ES: JASO MA2 n\u00ba. M033MOT073<\/p>\n<p>PROTE\u00c7\u00c3O<br \/>\nJASO MA2 aprova\u00e7\u00e3o que garante o atrito m\u00e1ximo poss\u00edvel de entre os discos da embreagem \u00famida e permite um excelente bloqueio da embreagem nas partidas, acelera\u00e7\u00f5es e m\u00e1ximas velocidades.<br \/>\nBaixo coeficiente de tra\u00e7\u00e3o para reduzir as perdas mec\u00e2nicas no interior do motor e melhorar seu desempenho.<br \/>\nSinergia entre os \u00c9steres e os aditivos antidesgaste aumentando a resist\u00eancia ao cisalhamento e mais prote\u00e7\u00e3o \u00e0s engrenagens al\u00e9m do aumento de sua vida \u00fatil. Lubrificante 100% sint\u00e9tico para aumentar a resist\u00eancia do filme lubrificante em elevadas temperaturas e regimes de rota\u00e7\u00e3o. Baixos teores de F\u00f3sforo e Enxofre para melhor condi\u00e7\u00e3o operacional com os conversores catal\u00edticos respons\u00e1veis pelas baixas emiss\u00f5es exigidas.<\/p>\n<p>CONSELHOS DE UTILIZA\u00c7\u00c3O<br \/>\nTrocas: Conforme recomenda\u00e7\u00e3o do fabricante e\/ou adapt\u00e1vel \u00e0 severidade de uso. Pode ser misturado com outros tipos de \u00f3leos sint\u00e9ticos ou minerais.<\/p>\n<p>EMBALAGENS<br \/>\nFORMATO: 1 LITRO<\/p>\n<p>&nbsp;<\/p>\n<p>&nbsp;<\/p>\n<p>IMAGENS MERAMENTE ILUSTRATIVAS<\/p>\n","protected":false},"featured_media":5084,"template":"","meta":[],"product_brand":[],"product_cat":[24],"product_tag":[],"class_list":{"0":"post-5078","1":"product","2":"type-product","3":"status-publish","4":"has-post-thumbnail","6":"product_cat-oleos-lubrificantes","8":"first","9":"outofstock","10":"shipping-taxable","11":"purchasable","12":"product-type-simple"},"_links":{"self":[{"href":"https:\/\/personalbiker.com.br\/lojapb\/wp-json\/wp\/v2\/product\/5078","targetHints":{"allow":["GET"]}}],"collection":[{"href":"https:\/\/personalbiker.com.br\/lojapb\/wp-json\/wp\/v2\/product"}],"about":[{"href":"https:\/\/personalbiker.com.br\/lojapb\/wp-json\/wp\/v2\/types\/product"}],"wp:featuredmedia":[{"embeddable":true,"href":"https:\/\/personalbiker.com.br\/lojapb\/wp-json\/wp\/v2\/media\/5084"}],"wp:attachment":[{"href":"https:\/\/personalbiker.com.br\/lojapb\/wp-json\/wp\/v2\/media?parent=5078"}],"wp:term":[{"taxonomy":"product_brand","embeddable":true,"href":"https:\/\/personalbiker.com.br\/lojapb\/wp-json\/wp\/v2\/product_brand?post=5078"},{"taxonomy":"product_cat","embeddable":true,"href":"https:\/\/personalbiker.com.br\/lojapb\/wp-json\/wp\/v2\/product_cat?post=5078"},{"taxonomy":"product_tag","embeddable":true,"href":"https:\/\/personalbiker.com.br\/lojapb\/wp-json\/wp\/v2\/product_tag?post=5078"}],"curies":[{"name":"wp","href":"https:\/\/api.w.org\/{rel}","templated":true}]}}