{"id":5072,"date":"2019-04-18T09:53:23","date_gmt":"2019-04-18T12:53:23","guid":{"rendered":"http:\/\/personalbiker.com.br\/lojapb\/?post_type=product&#038;p=5072"},"modified":"2024-04-15T08:00:48","modified_gmt":"2024-04-15T11:00:48","slug":"oleo-4t-motul-5100-15w50","status":"publish","type":"product","link":"https:\/\/personalbiker.com.br\/lojapb\/produto\/oleo-4t-motul-5100-15w50\/","title":{"rendered":"\u00d3LEO 4T MOTUL 5100 -15W50"},"content":{"rendered":"","protected":false},"excerpt":{"rendered":"<p>Apenas 1 unidade de 1 litro<\/p>\n<p>&nbsp;<\/p>\n<p>Lubrificante de Alto Desempenho para Motos 4T<br \/>\nTechnosynthese\u00ae &#8211; Ester<\/p>\n<p>APLICA\u00c7\u00d5ES<br \/>\nMotos de estrada, todo terreno, enduro, trilha\u2026 equipadas com motores 4 tempos com caixas de<br \/>\nvelocidades integradas ou n\u00e3o e embreagem \u00famida ou seca, motores projetados para utilizar<br \/>\nlubrificantes de baixa viscosidade, que respondam \u00e0s normas anticontaminantes Euro 2 o Euro 3,<br \/>\nequipadas com sistemas de p\u00f3s tratamento de gases de escape: catalizadores, inje\u00e7\u00e3o de ar no<br \/>\nescape\u2026 Recomendado particularmente para BMW, DUCATI, com recomenda\u00e7\u00e3o de \u00f3leo grau SAE<br \/>\n15W-50 para alguns de seus modelos.<br \/>\nOutras aplica\u00e7\u00f5es: motos sem sistema catal\u00edtico, scooters, quads, ciclomotores\u2026<\/p>\n<p>DESEMPENHO<br \/>\nNORMAS API SM \/ SL \/ SJ \/ SH \/ SG<br \/>\nESPECIFICA\u00c7\u00d5ES JASO MA2 con N\u00b0 M033MOT114<br \/>\nProte\u00e7\u00e3o.<\/p>\n<p>imagens meramente ilustrativas<\/p>\n","protected":false},"featured_media":5075,"template":"","meta":[],"product_brand":[],"product_cat":[24],"product_tag":[],"class_list":{"0":"post-5072","1":"product","2":"type-product","3":"status-publish","4":"has-post-thumbnail","6":"product_cat-oleos-lubrificantes","8":"first","9":"outofstock","10":"shipping-taxable","11":"purchasable","12":"product-type-simple"},"_links":{"self":[{"href":"https:\/\/personalbiker.com.br\/lojapb\/wp-json\/wp\/v2\/product\/5072","targetHints":{"allow":["GET"]}}],"collection":[{"href":"https:\/\/personalbiker.com.br\/lojapb\/wp-json\/wp\/v2\/product"}],"about":[{"href":"https:\/\/personalbiker.com.br\/lojapb\/wp-json\/wp\/v2\/types\/product"}],"wp:featuredmedia":[{"embeddable":true,"href":"https:\/\/personalbiker.com.br\/lojapb\/wp-json\/wp\/v2\/media\/5075"}],"wp:attachment":[{"href":"https:\/\/personalbiker.com.br\/lojapb\/wp-json\/wp\/v2\/media?parent=5072"}],"wp:term":[{"taxonomy":"product_brand","embeddable":true,"href":"https:\/\/personalbiker.com.br\/lojapb\/wp-json\/wp\/v2\/product_brand?post=5072"},{"taxonomy":"product_cat","embeddable":true,"href":"https:\/\/personalbiker.com.br\/lojapb\/wp-json\/wp\/v2\/product_cat?post=5072"},{"taxonomy":"product_tag","embeddable":true,"href":"https:\/\/personalbiker.com.br\/lojapb\/wp-json\/wp\/v2\/product_tag?post=5072"}],"curies":[{"name":"wp","href":"https:\/\/api.w.org\/{rel}","templated":true}]}}