{"id":505,"date":"2016-10-20T15:23:27","date_gmt":"2016-10-20T15:23:27","guid":{"rendered":"http:\/\/personalbiker.com.br\/lojapb\/?product=shark-speed-r"},"modified":"2023-09-11T10:13:28","modified_gmt":"2023-09-11T13:13:28","slug":"shark-speed-r","status":"publish","type":"product","link":"https:\/\/personalbiker.com.br\/lojapb\/produto\/shark-speed-r\/","title":{"rendered":"Capacete Shark Speed R"},"content":{"rendered":"","protected":false},"excerpt":{"rendered":"<p>Sistema de ventila\u00e7\u00e3o aerodin\u00e2mico e eficiente.<br \/>\n&#8211; Sistema para uso confort\u00e1vel com \u00f3culos.<br \/>\n&#8211; Estrutura de fibra biaxial.<br \/>\n&#8211; Viseira solar ajust\u00e1vel e regularizada.<br \/>\n&#8211; Aerodin\u00e2mica testada em tuneis de vento.<br \/>\n&#8211; Viseira com qualidade \u00f3ptica perfeita, anti-riscos e com revestimento anti nevoeiro.<br \/>\n&#8211; Interior termo formado, remov\u00edvel, lav\u00e1vel e micro-aerado.<br \/>\n&#8211; Anti-riscos e anti emba\u00e7amento da viseira.<br \/>\n&#8211; Compat\u00edvel com SHARKTOOTH.<br \/>\n&#8211; Aerof\u00f3lio duplo melhorando a circula\u00e7\u00e3o do ar, impedindo a forma\u00e7\u00e3o de neblina (emba\u00e7amento).<\/p>\n<p>&nbsp;<\/p>\n<p>Para saber o tamanho adequado, medir circunfer\u00eancia da<br \/>\ncabe\u00e7a na altura da testa.<\/p>\n<p>imagens meramente ilustrativas<\/p>\n","protected":false},"featured_media":6311,"template":"","meta":[],"product_brand":[],"product_cat":[49],"product_tag":[],"class_list":{"0":"post-505","1":"product","2":"type-product","3":"status-publish","4":"has-post-thumbnail","6":"product_cat-shark","7":"pa_cor-preto-branco-azul","8":"pa_tamanho-58m","10":"first","11":"outofstock","12":"product-type-simple"},"_links":{"self":[{"href":"https:\/\/personalbiker.com.br\/lojapb\/wp-json\/wp\/v2\/product\/505","targetHints":{"allow":["GET"]}}],"collection":[{"href":"https:\/\/personalbiker.com.br\/lojapb\/wp-json\/wp\/v2\/product"}],"about":[{"href":"https:\/\/personalbiker.com.br\/lojapb\/wp-json\/wp\/v2\/types\/product"}],"wp:featuredmedia":[{"embeddable":true,"href":"https:\/\/personalbiker.com.br\/lojapb\/wp-json\/wp\/v2\/media\/6311"}],"wp:attachment":[{"href":"https:\/\/personalbiker.com.br\/lojapb\/wp-json\/wp\/v2\/media?parent=505"}],"wp:term":[{"taxonomy":"product_brand","embeddable":true,"href":"https:\/\/personalbiker.com.br\/lojapb\/wp-json\/wp\/v2\/product_brand?post=505"},{"taxonomy":"product_cat","embeddable":true,"href":"https:\/\/personalbiker.com.br\/lojapb\/wp-json\/wp\/v2\/product_cat?post=505"},{"taxonomy":"product_tag","embeddable":true,"href":"https:\/\/personalbiker.com.br\/lojapb\/wp-json\/wp\/v2\/product_tag?post=505"}],"curies":[{"name":"wp","href":"https:\/\/api.w.org\/{rel}","templated":true}]}}