{"id":5011,"date":"2019-04-17T16:25:33","date_gmt":"2019-04-17T19:25:33","guid":{"rendered":"http:\/\/personalbiker.com.br\/lojapb\/?post_type=product&#038;p=5011"},"modified":"2019-08-29T10:52:57","modified_gmt":"2019-08-29T13:52:57","slug":"oleo-4t-mobil-super-moto-mx-10w30","status":"publish","type":"product","link":"https:\/\/personalbiker.com.br\/lojapb\/produto\/oleo-4t-mobil-super-moto-mx-10w30\/","title":{"rendered":"\u00d3LEO 4T MOBIL SUPER MOTO MX -10W30"},"content":{"rendered":"","protected":false},"excerpt":{"rendered":"<p>Diferenciais<\/p>\n<p>Mobil Super Authentic 10W-30 \u00e9 um \u00f3leo semissint\u00e9tico multiviscoso de alto desempenho, desenvolvido e testado para proporcionar efetiva prote\u00e7\u00e3o contra o desgaste. Altamente est\u00e1vel aos esfor\u00e7os mec\u00e2nicos, mant\u00e9m a viscosidade mesmo em condi\u00e7\u00f5es severas. Resistente \u00e0 oxida\u00e7\u00e3o, evita a forma\u00e7\u00e3o de dep\u00f3sitos e proporciona vida mais longa para o motor devido \u00e0 forma\u00e7\u00e3o de uma resistente pel\u00edcula de lubrifica\u00e7\u00e3o.<\/p>\n<p>Mobil Super Moto Authentic 10W-30 \u00e9 recomendado pela Honda.<\/p>\n<p>Vantagens<\/p>\n<p>Fornece prote\u00e7\u00e3o anti desgaste para uma vida longa do motor e da transmiss\u00e3o<br \/>\nAjuda a manter a limpeza do motor gra\u00e7as \u00e0 sua formula\u00e7\u00e3o especialmente balanceada<br \/>\n\u00d3leo com base super Premium que proporciona alta estabilidade de oxida\u00e7\u00e3o e volatilidade reduzida<br \/>\nTecnologia com teor de f\u00f3sforo reduzido para proporcionar prote\u00e7\u00e3o do catalisador Propriedades de fric\u00e7\u00e3o para um desempenho adequado de embreagem<br \/>\nFormula\u00e7\u00e3o de alta resist\u00eancia ao cisalhamento para manuten\u00e7\u00e3o do grau de viscosidade<\/p>\n<p>IMAGENS\u00a0 MERAMENTE ILUSTRATIVAS<\/p>\n","protected":false},"featured_media":5018,"template":"","meta":[],"product_brand":[],"product_cat":[24],"product_tag":[],"class_list":{"0":"post-5011","1":"product","2":"type-product","3":"status-publish","4":"has-post-thumbnail","6":"product_cat-oleos-lubrificantes","8":"first","9":"outofstock","10":"shipping-taxable","11":"purchasable","12":"product-type-simple"},"_links":{"self":[{"href":"https:\/\/personalbiker.com.br\/lojapb\/wp-json\/wp\/v2\/product\/5011","targetHints":{"allow":["GET"]}}],"collection":[{"href":"https:\/\/personalbiker.com.br\/lojapb\/wp-json\/wp\/v2\/product"}],"about":[{"href":"https:\/\/personalbiker.com.br\/lojapb\/wp-json\/wp\/v2\/types\/product"}],"wp:featuredmedia":[{"embeddable":true,"href":"https:\/\/personalbiker.com.br\/lojapb\/wp-json\/wp\/v2\/media\/5018"}],"wp:attachment":[{"href":"https:\/\/personalbiker.com.br\/lojapb\/wp-json\/wp\/v2\/media?parent=5011"}],"wp:term":[{"taxonomy":"product_brand","embeddable":true,"href":"https:\/\/personalbiker.com.br\/lojapb\/wp-json\/wp\/v2\/product_brand?post=5011"},{"taxonomy":"product_cat","embeddable":true,"href":"https:\/\/personalbiker.com.br\/lojapb\/wp-json\/wp\/v2\/product_cat?post=5011"},{"taxonomy":"product_tag","embeddable":true,"href":"https:\/\/personalbiker.com.br\/lojapb\/wp-json\/wp\/v2\/product_tag?post=5011"}],"curies":[{"name":"wp","href":"https:\/\/api.w.org\/{rel}","templated":true}]}}