{"id":4976,"date":"2019-04-17T14:25:03","date_gmt":"2019-04-17T17:25:03","guid":{"rendered":"http:\/\/personalbiker.com.br\/lojapb\/?post_type=product&#038;p=4976"},"modified":"2020-06-23T09:20:27","modified_gmt":"2020-06-23T12:20:27","slug":"oleo-2t-motul-510-1litro","status":"publish","type":"product","link":"https:\/\/personalbiker.com.br\/lojapb\/produto\/oleo-2t-motul-510-1litro\/","title":{"rendered":"\u00d3LEO 2T MOTUL 510 -1LITRO"},"content":{"rendered":"","protected":false},"excerpt":{"rendered":"<p>Lubrificante indicado todo tipo de motos 2T como Trail, Motocros, Enduro, Ciclo motores, equipamentos com motores de 2T de elevado desempenho e regimes de altas rota\u00e7\u00f5es.<\/p>\n<p>Lubrificante 2 tempos \u2013 Technosynthese\u00ae \u2013 Especialmente desenvolvido para motos e ciclomotores que utilizam motores 2 tempos. Prote\u00e7\u00e3o ao motor. Formulado com anti fuma\u00e7a. Pode ser utilizados na mistura com a gasolina ou sistema de pr\u00e9 mix. Adequado para catalisadores.<\/p>\n<p>&#8211; Pode ser usado em equipamentos com lubrifica\u00e7\u00e3o autom\u00e1tica ou com sistema manual (premix).<br \/>\n&#8211; Compat\u00edvel com catalisadores.<br \/>\n&#8211; Outras aplica\u00e7\u00f5es: Scooters, Quadriciclos<\/p>\n<p>Especifica\u00e7\u00f5es<br \/>\nNormas : API TC &#8211; ISO -L-EGD Homologa\u00e7\u00f5es: JASO FD n\u00ba 033MOT065<br \/>\nLubrificante Technosynth\u00e8se, com superiores b\u00e1sicos sint\u00e9ticos que melhoram a resposta frente ao desgaste e com alto poder de combust\u00e3o, reduzindo a quantidade de fuma\u00e7a vis\u00edvel assim como a forma\u00e7\u00e3o de dep\u00f3sitos.<\/p>\n<p>IMAGENS MERAMENTE ILUSTRATIVAS<\/p>\n","protected":false},"featured_media":4983,"template":"","meta":[],"product_brand":[],"product_cat":[24],"product_tag":[],"class_list":{"0":"post-4976","1":"product","2":"type-product","3":"status-publish","4":"has-post-thumbnail","6":"product_cat-oleos-lubrificantes","8":"first","9":"outofstock","10":"shipping-taxable","11":"purchasable","12":"product-type-simple"},"_links":{"self":[{"href":"https:\/\/personalbiker.com.br\/lojapb\/wp-json\/wp\/v2\/product\/4976","targetHints":{"allow":["GET"]}}],"collection":[{"href":"https:\/\/personalbiker.com.br\/lojapb\/wp-json\/wp\/v2\/product"}],"about":[{"href":"https:\/\/personalbiker.com.br\/lojapb\/wp-json\/wp\/v2\/types\/product"}],"wp:featuredmedia":[{"embeddable":true,"href":"https:\/\/personalbiker.com.br\/lojapb\/wp-json\/wp\/v2\/media\/4983"}],"wp:attachment":[{"href":"https:\/\/personalbiker.com.br\/lojapb\/wp-json\/wp\/v2\/media?parent=4976"}],"wp:term":[{"taxonomy":"product_brand","embeddable":true,"href":"https:\/\/personalbiker.com.br\/lojapb\/wp-json\/wp\/v2\/product_brand?post=4976"},{"taxonomy":"product_cat","embeddable":true,"href":"https:\/\/personalbiker.com.br\/lojapb\/wp-json\/wp\/v2\/product_cat?post=4976"},{"taxonomy":"product_tag","embeddable":true,"href":"https:\/\/personalbiker.com.br\/lojapb\/wp-json\/wp\/v2\/product_tag?post=4976"}],"curies":[{"name":"wp","href":"https:\/\/api.w.org\/{rel}","templated":true}]}}