{"id":4970,"date":"2019-04-17T14:10:15","date_gmt":"2019-04-17T17:10:15","guid":{"rendered":"http:\/\/personalbiker.com.br\/lojapb\/?post_type=product&#038;p=4970"},"modified":"2023-04-14T12:25:28","modified_gmt":"2023-04-14T15:25:28","slug":"oleo-2t-lubrax-essencial-500ml-mineral","status":"publish","type":"product","link":"https:\/\/personalbiker.com.br\/lojapb\/produto\/oleo-2t-lubrax-essencial-500ml-mineral\/","title":{"rendered":"\u00d3LEO 2T LUBRAX ESSENCIAL 500ML MINERAL"},"content":{"rendered":"","protected":false},"excerpt":{"rendered":"<p>Lubrax Essencial 2t<\/p>\n<p>\u00d3leo Lubrificante Mineral Para Uso Em Motores Dois Tempos A Gasolina Refrigerados A Ar, Que Exijam Lubrificantes Com N\u00edvel De Desempenh O Api Tc. Dispon\u00edvel No Grau Sae 30.<\/p>\n<p>Lubrax Essencial 2t Controla A Forma\u00e7\u00e3o De Dep\u00f3sitos E Reduz O Desgaste E A Corros\u00e3o Das Partes Lubrificadas.<\/p>\n<p>Lubrax Essencial 2t Cont\u00e9m Um Corante Vermelho Que Tem A Fun\u00e7\u00e3o Exclusiva Deidentificar Sua Presen\u00e7a Em Misturas Com A Gasolina, Devendo Ser Misturado Ao Combust\u00edvel Nas Propor\u00e7\u00f5es Recomendadas Pelos Fabricantes Dos Equipamentos.<\/p>\n<p>Lubrax Essencial 2t \u00c9 Recomendado Para Uso Em Motores De Equipamentos De M\u00e9dia Pot\u00eancia, Tais Como Motosserras, Ciclomotores, Cortadores De Grama E Motocicletas.<\/p>\n<p>Lubrax Essencial 2t Atende Ao N\u00edvel De Desempenho Api Tc.<\/p>\n<p>Aditivos- Anticorrosivo, Anti desgaste, Antiferrugem, Detergente, Dispersante, Abaixador Do Ponto De Fluidez E Corante Vermelho.<\/p>\n<p>&nbsp;<\/p>\n<p>&nbsp;<\/p>\n<p>&nbsp;<\/p>\n<p>IMAGENS MERAMENTE ILUSTRATIVAS<\/p>\n","protected":false},"featured_media":4974,"template":"","meta":[],"product_brand":[],"product_cat":[24],"product_tag":[],"class_list":{"0":"post-4970","1":"product","2":"type-product","3":"status-publish","4":"has-post-thumbnail","6":"product_cat-oleos-lubrificantes","8":"first","9":"outofstock","10":"shipping-taxable","11":"purchasable","12":"product-type-simple"},"_links":{"self":[{"href":"https:\/\/personalbiker.com.br\/lojapb\/wp-json\/wp\/v2\/product\/4970","targetHints":{"allow":["GET"]}}],"collection":[{"href":"https:\/\/personalbiker.com.br\/lojapb\/wp-json\/wp\/v2\/product"}],"about":[{"href":"https:\/\/personalbiker.com.br\/lojapb\/wp-json\/wp\/v2\/types\/product"}],"wp:featuredmedia":[{"embeddable":true,"href":"https:\/\/personalbiker.com.br\/lojapb\/wp-json\/wp\/v2\/media\/4974"}],"wp:attachment":[{"href":"https:\/\/personalbiker.com.br\/lojapb\/wp-json\/wp\/v2\/media?parent=4970"}],"wp:term":[{"taxonomy":"product_brand","embeddable":true,"href":"https:\/\/personalbiker.com.br\/lojapb\/wp-json\/wp\/v2\/product_brand?post=4970"},{"taxonomy":"product_cat","embeddable":true,"href":"https:\/\/personalbiker.com.br\/lojapb\/wp-json\/wp\/v2\/product_cat?post=4970"},{"taxonomy":"product_tag","embeddable":true,"href":"https:\/\/personalbiker.com.br\/lojapb\/wp-json\/wp\/v2\/product_tag?post=4970"}],"curies":[{"name":"wp","href":"https:\/\/api.w.org\/{rel}","templated":true}]}}