{"id":495,"date":"2016-09-13T13:22:23","date_gmt":"2016-09-13T13:22:23","guid":{"rendered":"http:\/\/personalbiker.com.br\/lojapb\/?product=kit-motor-moskito-80cc"},"modified":"2021-06-24T12:55:45","modified_gmt":"2021-06-24T15:55:45","slug":"kit-motor-moskito-80cc","status":"publish","type":"product","link":"https:\/\/personalbiker.com.br\/lojapb\/produto\/kit-motor-moskito-80cc\/","title":{"rendered":"Kit Motor Moskito 2T  80cc"},"content":{"rendered":"","protected":false},"excerpt":{"rendered":"<p>&nbsp;<\/p>\n<p><strong>Itens inclusos:<\/strong><\/p>\n<p>1 Corrente,<\/p>\n<p>1 Pinh\u00f5es de Instala\u00e7\u00e3o,<\/p>\n<p>1 Esticador de Corrente,<\/p>\n<p>1 Cabo Acelerador e Embreagem,<\/p>\n<p>1 Kit Suporte,<\/p>\n<p>1 Manetes Acelera\u00e7\u00e3o,<\/p>\n<p>1 Alavanca Embreagem,<\/p>\n<p>1 Carburador Completo,<\/p>\n<p>1 Vela de Igni\u00e7\u00e3o,<\/p>\n<p>1 Cdi Eletr\u00f4nico,<\/p>\n<p>1 Cachimbo,<\/p>\n<p>1 Tanque Combust\u00edvel,<\/p>\n<p>1 Tampa Tanque Combust\u00edvel,<\/p>\n<p>1 Torneira Tanque Combust\u00edvel,<\/p>\n<p>1 Mangueira Tanque Combust\u00edvel,<\/p>\n<p>1 Filtro de Gasolina,<\/p>\n<p>1 Escapamento,<\/p>\n<p>1 Coroa de Corrente<\/p>\n<p>1 Acelerador,<\/p>\n<p>1 Protetor de Corrente,<\/p>\n<p>1 Kit Coroa,<\/p>\n<p>1 Motor, 1 Kit Parafuso,<\/p>\n<p>2 Anel de Borracha,<\/p>\n<p>imagens meramente ilustrativas<\/p>\n","protected":false},"featured_media":494,"template":"","meta":[],"product_brand":[],"product_cat":[41],"product_tag":[],"class_list":{"0":"post-495","1":"product","2":"type-product","3":"status-publish","4":"has-post-thumbnail","6":"product_cat-pecas-moskito","8":"first","9":"instock","10":"purchasable","11":"product-type-simple"},"_links":{"self":[{"href":"https:\/\/personalbiker.com.br\/lojapb\/wp-json\/wp\/v2\/product\/495","targetHints":{"allow":["GET"]}}],"collection":[{"href":"https:\/\/personalbiker.com.br\/lojapb\/wp-json\/wp\/v2\/product"}],"about":[{"href":"https:\/\/personalbiker.com.br\/lojapb\/wp-json\/wp\/v2\/types\/product"}],"wp:featuredmedia":[{"embeddable":true,"href":"https:\/\/personalbiker.com.br\/lojapb\/wp-json\/wp\/v2\/media\/494"}],"wp:attachment":[{"href":"https:\/\/personalbiker.com.br\/lojapb\/wp-json\/wp\/v2\/media?parent=495"}],"wp:term":[{"taxonomy":"product_brand","embeddable":true,"href":"https:\/\/personalbiker.com.br\/lojapb\/wp-json\/wp\/v2\/product_brand?post=495"},{"taxonomy":"product_cat","embeddable":true,"href":"https:\/\/personalbiker.com.br\/lojapb\/wp-json\/wp\/v2\/product_cat?post=495"},{"taxonomy":"product_tag","embeddable":true,"href":"https:\/\/personalbiker.com.br\/lojapb\/wp-json\/wp\/v2\/product_tag?post=495"}],"curies":[{"name":"wp","href":"https:\/\/api.w.org\/{rel}","templated":true}]}}