{"id":4941,"date":"2019-04-17T13:12:50","date_gmt":"2019-04-17T16:12:50","guid":{"rendered":"http:\/\/personalbiker.com.br\/lojapb\/?post_type=product&#038;p=4941"},"modified":"2021-05-07T12:38:37","modified_gmt":"2021-05-07T15:38:37","slug":"bateria-bicicleta-eletrica-city-pas-skate-12v-14ah","status":"publish","type":"product","link":"https:\/\/personalbiker.com.br\/lojapb\/produto\/bateria-bicicleta-eletrica-city-pas-skate-12v-14ah\/","title":{"rendered":"Bateria Bicicleta El\u00e9trica City Pas\/Skate 12V\/14AH"},"content":{"rendered":"","protected":false},"excerpt":{"rendered":"<p>Tens\u00e3o: 12 Volts<br \/>\nCapacidade: 14 Amperes<br \/>\nDimens\u00f5es: Comprimento 15,1 cm | Largura 9,8 cm | Altura 9,5 cm<br \/>\nPeso: 4,20 Kg<\/p>\n<p>Marcas Dispon\u00edveis: GET POWER<\/p>\n<p>PRINCIPAIS APLICA\u00c7\u00d5ES:<br \/>\nNo-Breaks (UPS) \u2013 Telecomunica\u00e7\u00f5es (PABX) \u2013 Sistemas de Seguran\u00e7a e Alarmes \u2013 Ilumina\u00e7\u00e3o de Emerg\u00eancia \u2013 Sistemas de Energia Alternativa (Solar, E\u00f3lica, etc) \u2013 Equipamentos M\u00e9dicos \u2013 Instrumenta\u00e7\u00e3o \u2013 Brinquedos e Hobbies.<\/p>\n<p>PRINCIPAIS CARACTER\u00cdSTICAS:<br \/>\n&#8211; Baterias de Chumbo-\u00e1cido reguladas por v\u00e1lvula (VRLA)<br \/>\n&#8211; Podem ser utilizadas em diversas posi\u00e7\u00f5es<br \/>\n&#8211; Expectativa de vida \u00fatil superior a 5 anos<br \/>\n&#8211; Elevada taxa de descarga<br \/>\n&#8211; Baixa taxa de auto-descarga<br \/>\n&#8211; Seguro para transporte a\u00e9reo (IATA A-67)<\/p>\n<p>Possuem as Certifica\u00e7\u00f5es ISSO 9001 e 14001 e ANATEL 379.<br \/>\nAtendem as normas brasileiras NBR 14204, 14205, 14206, 15254 e 15641.<\/p>\n<p>BATERIA SELADAS VRLA<br \/>\nAs baterias seladas possuem tecnologia AGM eletr\u00f3lito absorvido em manta de microfibra de vidro e s\u00e3o reguladas \u00e1 v\u00e1lvula (VRLA), possibilitando a utiliza\u00e7\u00e3o em diversas posi\u00e7\u00f5es.<br \/>\nCom estas caracter\u00edsticas, \u00e9 poss\u00edvel utilizar as baterias em diversos tipos de aplica\u00e7\u00f5es. Devido a sua tecnologia AGM, a bateria apresenta menor necessidade de manuten\u00e7\u00e3o, reduzindo custos operacionais, sem a necessidade de adi\u00e7\u00e3o de \u00e1gua ou eletr\u00f3lito.<br \/>\nEm condi\u00e7\u00f5es normais de temperatura (25\u00b0C) emitem quantidades insignificantes de gases, podendo ser utilizadas em ambientes com seres vivos e equipamentos eletr\u00f4nicos.<\/p>\n<p>Garantia: 1 Ano para uso em No-break e 3 meses demais aplica\u00e7\u00f5es<\/p>\n<p>Forma de Entrega:<br \/>\nEnvio IMEDIATO ap\u00f3s a confirma\u00e7\u00e3o de pagamento.<\/p>\n<p>&nbsp;<\/p>\n<p>IMAGENS MERAMENTE ILUSTRATIVAS<\/p>\n","protected":false},"featured_media":4945,"template":"","meta":[],"product_brand":[],"product_cat":[229],"product_tag":[],"class_list":{"0":"post-4941","1":"product","2":"type-product","3":"status-publish","4":"has-post-thumbnail","6":"product_cat-pecas-bicicleta-eletrica","8":"first","9":"outofstock","10":"shipping-taxable","11":"purchasable","12":"product-type-simple"},"_links":{"self":[{"href":"https:\/\/personalbiker.com.br\/lojapb\/wp-json\/wp\/v2\/product\/4941","targetHints":{"allow":["GET"]}}],"collection":[{"href":"https:\/\/personalbiker.com.br\/lojapb\/wp-json\/wp\/v2\/product"}],"about":[{"href":"https:\/\/personalbiker.com.br\/lojapb\/wp-json\/wp\/v2\/types\/product"}],"wp:featuredmedia":[{"embeddable":true,"href":"https:\/\/personalbiker.com.br\/lojapb\/wp-json\/wp\/v2\/media\/4945"}],"wp:attachment":[{"href":"https:\/\/personalbiker.com.br\/lojapb\/wp-json\/wp\/v2\/media?parent=4941"}],"wp:term":[{"taxonomy":"product_brand","embeddable":true,"href":"https:\/\/personalbiker.com.br\/lojapb\/wp-json\/wp\/v2\/product_brand?post=4941"},{"taxonomy":"product_cat","embeddable":true,"href":"https:\/\/personalbiker.com.br\/lojapb\/wp-json\/wp\/v2\/product_cat?post=4941"},{"taxonomy":"product_tag","embeddable":true,"href":"https:\/\/personalbiker.com.br\/lojapb\/wp-json\/wp\/v2\/product_tag?post=4941"}],"curies":[{"name":"wp","href":"https:\/\/api.w.org\/{rel}","templated":true}]}}