{"id":475,"date":"2016-09-12T12:14:13","date_gmt":"2016-09-12T12:14:13","guid":{"rendered":"http:\/\/personalbiker.com.br\/lojapb\/?product=capacete-cross-ck01"},"modified":"2022-08-19T16:35:52","modified_gmt":"2022-08-19T19:35:52","slug":"capacete-cross-ck01","status":"publish","type":"product","link":"https:\/\/personalbiker.com.br\/lojapb\/produto\/capacete-cross-ck01\/","title":{"rendered":"Capacete Infantil Cross Pro Tork &#8211; CK01"},"content":{"rendered":"","protected":false},"excerpt":{"rendered":"<p>Marca: Pro Tork<br \/>\nGarantia: 3 Meses<\/p>\n<p>O capacete Infantil Cross Kids traz a voc\u00ea piloto de Motocross, Enduro, Trilha ou qualquer outro estilo tudo o que voc\u00ea precisa para se sentir bem. Bonito, Seguro e Confort\u00e1vel, A Linha Infantil Cross Kids \u00e9 um escudo para voc\u00ea que vive intensamente seu dia-a-dia. Com seu casco injetado em ABS e seu grafismo em transfer com verniz de alto brilho, suas cores se destacam facilmente em meio da multid\u00e3o.<\/p>\n<p>Nova tecnologia frontal Air Max trazendo maior ventila\u00e7\u00e3o frontal<\/p>\n<p>Gr\u00e1fico em transfer com verniz de alto brilho.<\/p>\n<p>Produtos de decora\u00e7\u00e3o n\u00e3o inclusos. Imagens meramente ilustrativas<\/p>\n<p>Para saber o tamanho adequado, medir circunfer\u00eancia da<br \/>\ncabe\u00e7a na altura da testa.<br \/>\nOBS: Em caso de troca por tamanho o frete \u00e9 por conta do cliente.<\/p>\n<p>&nbsp;<\/p>\n<p>imagens meramente ilustrativa<\/p>\n","protected":false},"featured_media":9952,"template":"","meta":[],"product_brand":[],"product_cat":[20],"product_tag":[],"class_list":{"0":"post-475","1":"product","2":"type-product","3":"status-publish","4":"has-post-thumbnail","6":"product_cat-capacetes-infantil","7":"pa_cor-preto-rosa-verde","8":"pa_tamanho-77","10":"first","11":"outofstock","12":"purchasable","13":"product-type-variable"},"_links":{"self":[{"href":"https:\/\/personalbiker.com.br\/lojapb\/wp-json\/wp\/v2\/product\/475","targetHints":{"allow":["GET"]}}],"collection":[{"href":"https:\/\/personalbiker.com.br\/lojapb\/wp-json\/wp\/v2\/product"}],"about":[{"href":"https:\/\/personalbiker.com.br\/lojapb\/wp-json\/wp\/v2\/types\/product"}],"wp:featuredmedia":[{"embeddable":true,"href":"https:\/\/personalbiker.com.br\/lojapb\/wp-json\/wp\/v2\/media\/9952"}],"wp:attachment":[{"href":"https:\/\/personalbiker.com.br\/lojapb\/wp-json\/wp\/v2\/media?parent=475"}],"wp:term":[{"taxonomy":"product_brand","embeddable":true,"href":"https:\/\/personalbiker.com.br\/lojapb\/wp-json\/wp\/v2\/product_brand?post=475"},{"taxonomy":"product_cat","embeddable":true,"href":"https:\/\/personalbiker.com.br\/lojapb\/wp-json\/wp\/v2\/product_cat?post=475"},{"taxonomy":"product_tag","embeddable":true,"href":"https:\/\/personalbiker.com.br\/lojapb\/wp-json\/wp\/v2\/product_tag?post=475"}],"curies":[{"name":"wp","href":"https:\/\/api.w.org\/{rel}","templated":true}]}}