{"id":469,"date":"2016-07-14T14:40:09","date_gmt":"2016-07-14T14:40:09","guid":{"rendered":"http:\/\/personalbiker.com.br\/lojapb\/?product=mochila-texx-i-back-neopreme"},"modified":"2022-08-22T14:36:37","modified_gmt":"2022-08-22T17:36:37","slug":"mochila-texx-i-back-neopreme","status":"publish","type":"product","link":"https:\/\/personalbiker.com.br\/lojapb\/produto\/mochila-texx-i-back-neopreme\/","title":{"rendered":"MOCHILA TEXX I-BACK NEOPREME  para NoteBook"},"content":{"rendered":"","protected":false},"excerpt":{"rendered":"<h4 class=\"product-name\" data-spm-anchor-id=\"a2g03.10010108.1000016.i0.4ebd2d5bNbol7Q\">Bolsa Para Laptop bolsa de viagem Estudante Mochila Para Mulheres Dos Homens de Neg\u00f3cios Comum<\/h4>\n<ul>\n<li><span data-spm-anchor-id=\"a2g03.10010108.1000023.i0.4ebd2d5bNbol7Q\">Material: 5mm Neoprene Mochilas \u00c0 Prova D&#8217; \u00c1gua<\/span><\/li>\n<li>Para aqueles de voc\u00eas que nunca pode ficar sem seus laptops, esta mochila \u00e9 como uma parte de seu corpo.<\/li>\n<li>A mochila \u00e9 outra solu\u00e7\u00e3o elegante e m\u00ednima para arrastar o seu laptop em torno do que parece um bocado como um revestimento \u00e0 prova de balas.<\/li>\n<li>Constru\u00eddo a partir de Neoprene leve, o saco \u00e9 a \u00e1gua e resistente a manchas e tamb\u00e9m \u00e9 lav\u00e1vel na m\u00e1quina.<\/li>\n<li>Design Slim se estende para atender a uma gama de laptops<\/li>\n<li>Cabe at\u00e9 um 17 &#8220;computador port\u00e1til.<\/li>\n<li>Feita de protec\u00e7\u00e3o, ar show de neoprene leve e respir\u00e1vel<\/li>\n<li data-spm-anchor-id=\"a2g03.10010108.1000023.i1.4ebd2d5bNbol7Q\">Ater resistente exterior<\/li>\n<li>Mochila design exclusivos<\/li>\n<li>Duplo design com z\u00edper torna o uso mais conveniente<\/li>\n<li>Embalado com o laptop saco grosso e macio<\/li>\n<li>100% Novo e de Alta Qualidade, design Agrad\u00e1vel.<\/li>\n<li>Feita de neoprene de alta qualidade, leve e flex\u00edvel.<\/li>\n<li>\u00danico, fino e ergon\u00f4mico design com z\u00edper duplo.<\/li>\n<li>Imperme\u00e1vel e lav\u00e1vel. Peso: 450g.<\/li>\n<li>Fit todo o tamanho dos laptops at\u00e9 17 &#8220;.<\/li>\n<\/ul>\n<p>mochila\u00a0 para notebooks de at\u00e9 17 polegada<\/p>\n<p>imagens meramente ilustrativas<\/p>\n","protected":false},"featured_media":1743,"template":"","meta":[],"product_brand":[],"product_cat":[48],"product_tag":[],"class_list":{"0":"post-469","1":"product","2":"type-product","3":"status-publish","4":"has-post-thumbnail","6":"product_cat-mochilas-e-alforge","7":"pa_cor-preto","9":"first","10":"outofstock","11":"purchasable","12":"product-type-simple"},"_links":{"self":[{"href":"https:\/\/personalbiker.com.br\/lojapb\/wp-json\/wp\/v2\/product\/469","targetHints":{"allow":["GET"]}}],"collection":[{"href":"https:\/\/personalbiker.com.br\/lojapb\/wp-json\/wp\/v2\/product"}],"about":[{"href":"https:\/\/personalbiker.com.br\/lojapb\/wp-json\/wp\/v2\/types\/product"}],"wp:featuredmedia":[{"embeddable":true,"href":"https:\/\/personalbiker.com.br\/lojapb\/wp-json\/wp\/v2\/media\/1743"}],"wp:attachment":[{"href":"https:\/\/personalbiker.com.br\/lojapb\/wp-json\/wp\/v2\/media?parent=469"}],"wp:term":[{"taxonomy":"product_brand","embeddable":true,"href":"https:\/\/personalbiker.com.br\/lojapb\/wp-json\/wp\/v2\/product_brand?post=469"},{"taxonomy":"product_cat","embeddable":true,"href":"https:\/\/personalbiker.com.br\/lojapb\/wp-json\/wp\/v2\/product_cat?post=469"},{"taxonomy":"product_tag","embeddable":true,"href":"https:\/\/personalbiker.com.br\/lojapb\/wp-json\/wp\/v2\/product_tag?post=469"}],"curies":[{"name":"wp","href":"https:\/\/api.w.org\/{rel}","templated":true}]}}