{"id":467,"date":"2016-07-14T13:59:39","date_gmt":"2016-07-14T13:59:39","guid":{"rendered":"http:\/\/personalbiker.com.br\/lojapb\/?product=mochila-traseira-givi-20l-xs313"},"modified":"2020-01-22T14:06:29","modified_gmt":"2020-01-22T17:06:29","slug":"mochila-traseira-givi-20l-xs313","status":"publish","type":"product","link":"https:\/\/personalbiker.com.br\/lojapb\/produto\/mochila-traseira-givi-20l-xs313\/","title":{"rendered":"Mochila Traseira Stream XS313 Givi"},"content":{"rendered":"","protected":false},"excerpt":{"rendered":"<p>Xstream &#8211; alforje Universal adequado para motos Touring &#8211; 20\u00a0litros<\/p>\n<p>Todos os materiais s\u00e3o desenvolvidos de acordo com as regulamenta\u00e7\u00f5es, tecido principal tratado com anti-UV.<\/p>\n<p>Equipamento:<br \/>\nAcompanha al\u00e7a para transporte nos ombros e al\u00e7a para transporte na m\u00e3o<br \/>\nFixa na moto atrav\u00e9s de cintas de fixa\u00e7\u00e3o<br \/>\nPossui capa de chuva remov\u00edvel<br \/>\nPossui bolso lateral<br \/>\nCom fitas reflexivas<\/p>\n<p>expans\u00edvel<\/p>\n<p>Medidas:<br \/>\n21cm at\u00e9 26cm altura &#8211; expans\u00edvel<br \/>\n30cm largura x\u00a028cm di\u00e2metro<\/p>\n<p>imagens meramente ilustrativas<\/p>\n<p>&nbsp;<\/p>\n","protected":false},"featured_media":466,"template":"","meta":[],"product_brand":[],"product_cat":[48],"product_tag":[],"class_list":{"0":"post-467","1":"product","2":"type-product","3":"status-publish","4":"has-post-thumbnail","6":"product_cat-mochilas-e-alforge","8":"first","9":"outofstock","10":"purchasable","11":"product-type-simple"},"_links":{"self":[{"href":"https:\/\/personalbiker.com.br\/lojapb\/wp-json\/wp\/v2\/product\/467","targetHints":{"allow":["GET"]}}],"collection":[{"href":"https:\/\/personalbiker.com.br\/lojapb\/wp-json\/wp\/v2\/product"}],"about":[{"href":"https:\/\/personalbiker.com.br\/lojapb\/wp-json\/wp\/v2\/types\/product"}],"wp:featuredmedia":[{"embeddable":true,"href":"https:\/\/personalbiker.com.br\/lojapb\/wp-json\/wp\/v2\/media\/466"}],"wp:attachment":[{"href":"https:\/\/personalbiker.com.br\/lojapb\/wp-json\/wp\/v2\/media?parent=467"}],"wp:term":[{"taxonomy":"product_brand","embeddable":true,"href":"https:\/\/personalbiker.com.br\/lojapb\/wp-json\/wp\/v2\/product_brand?post=467"},{"taxonomy":"product_cat","embeddable":true,"href":"https:\/\/personalbiker.com.br\/lojapb\/wp-json\/wp\/v2\/product_cat?post=467"},{"taxonomy":"product_tag","embeddable":true,"href":"https:\/\/personalbiker.com.br\/lojapb\/wp-json\/wp\/v2\/product_tag?post=467"}],"curies":[{"name":"wp","href":"https:\/\/api.w.org\/{rel}","templated":true}]}}