{"id":4665,"date":"2019-04-13T11:06:09","date_gmt":"2019-04-13T14:06:09","guid":{"rendered":"http:\/\/personalbiker.com.br\/lojapb\/?post_type=product&#038;p=4665"},"modified":"2022-08-12T13:12:08","modified_gmt":"2022-08-12T16:12:08","slug":"balaclava-touca-ninja-termica","status":"publish","type":"product","link":"https:\/\/personalbiker.com.br\/lojapb\/produto\/balaclava-touca-ninja-termica\/","title":{"rendered":"Balaclava  Touca Ninja T\u00e9rmica"},"content":{"rendered":"","protected":false},"excerpt":{"rendered":"<p>DESCRI\u00c7\u00c3O:<br \/>\n\u2022 Touca Ninja Balaclava<br \/>\n\u2022 Material: 93% Poli\u00e9ster \u2013 7% Elastano<br \/>\n\u2022 Tamanho: \u00danico<br \/>\n\u2022 Sistema Dry<br \/>\n\u2022 Prote\u00e7\u00e3o contra os raios solares fator UV+50<br \/>\n\u2022 Alta qualidade de acabamento<br \/>\n\u2022 Produto 100% male\u00e1vel<br \/>\n\u2022 Leve e resistente<br \/>\n\u2022 Alta qualidade de acabamento<br \/>\n\u2022 Isolamento t\u00e9rmico e ac\u00fastico<br \/>\n\u2022 Cores:<br \/>\n\u2022 Preto e Branco<br \/>\nObs: Podemos produzir as Toucas em outras Cores, solicite um or\u00e7amento.<br \/>\n&#8230;&#8230;&#8230;&#8230;&#8230;&#8230;&#8230;&#8230;&#8230;&#8230;&#8230;&#8230;&#8230;&#8230;&#8230;&#8230;&#8230;&#8230;&#8230;&#8230;&#8230;&#8230;&#8230;&#8230;&#8230;&#8230;&#8230;&#8230;&#8230;&#8230;&#8230;&#8230;&#8230;&#8230;&#8230;&#8230;&#8230;&#8230;&#8230;&#8230;&#8230;&#8230;&#8230;&#8230;&#8230;&#8230;&#8230;&#8230;&#8230;&#8230;&#8230;<br \/>\nAPLICA\u00c7\u00c3O:<br \/>\n\u2022 Moto \/ Motoboy<br \/>\n\u2022 Ciclismo \/ Bike \/ MTB<br \/>\n\u2022 Airsoft \/ Painball<br \/>\n\u2022 T\u00e1tica \/ Militar<br \/>\n\u2022 Frio \/ Inverno<br \/>\n\u2022 Kart \/ Pilotagem<\/p>\n<p>&nbsp;<\/p>\n<p>Imagens meramente ilustrativas<\/p>\n","protected":false},"featured_media":4671,"template":"","meta":[],"product_brand":[],"product_cat":[227],"product_tag":[],"class_list":{"0":"post-4665","1":"product","2":"type-product","3":"status-publish","4":"has-post-thumbnail","6":"product_cat-balaclava","8":"first","9":"instock","10":"shipping-taxable","11":"purchasable","12":"product-type-simple"},"_links":{"self":[{"href":"https:\/\/personalbiker.com.br\/lojapb\/wp-json\/wp\/v2\/product\/4665","targetHints":{"allow":["GET"]}}],"collection":[{"href":"https:\/\/personalbiker.com.br\/lojapb\/wp-json\/wp\/v2\/product"}],"about":[{"href":"https:\/\/personalbiker.com.br\/lojapb\/wp-json\/wp\/v2\/types\/product"}],"wp:featuredmedia":[{"embeddable":true,"href":"https:\/\/personalbiker.com.br\/lojapb\/wp-json\/wp\/v2\/media\/4671"}],"wp:attachment":[{"href":"https:\/\/personalbiker.com.br\/lojapb\/wp-json\/wp\/v2\/media?parent=4665"}],"wp:term":[{"taxonomy":"product_brand","embeddable":true,"href":"https:\/\/personalbiker.com.br\/lojapb\/wp-json\/wp\/v2\/product_brand?post=4665"},{"taxonomy":"product_cat","embeddable":true,"href":"https:\/\/personalbiker.com.br\/lojapb\/wp-json\/wp\/v2\/product_cat?post=4665"},{"taxonomy":"product_tag","embeddable":true,"href":"https:\/\/personalbiker.com.br\/lojapb\/wp-json\/wp\/v2\/product_tag?post=4665"}],"curies":[{"name":"wp","href":"https:\/\/api.w.org\/{rel}","templated":true}]}}