{"id":463,"date":"2016-07-12T16:15:31","date_gmt":"2016-07-12T16:15:31","guid":{"rendered":"http:\/\/personalbiker.com.br\/lojapb\/?product=blade"},"modified":"2024-05-07T11:40:07","modified_gmt":"2024-05-07T14:40:07","slug":"blade","status":"publish","type":"product","link":"https:\/\/personalbiker.com.br\/lojapb\/produto\/blade\/","title":{"rendered":"Capacete MT Blade joker"},"content":{"rendered":"<p>&nbsp;<\/p>\n<p>&nbsp;<\/p>\n","protected":false},"excerpt":{"rendered":"<p>3 Entradas de ar frontais e 2 sa\u00eddas de ar traseiras, que criam uma \u00f3tima ventila\u00e7\u00e3o interna;<br \/>\nForro extremamente confort\u00e1vel, composto por m\u00faltiplas densidades de tecidos, al\u00e9m de ser remov\u00edvel e lav\u00e1vel;<br \/>\nViseira em policarbonato de 2,2 mm, com prote\u00e7\u00e3o anti-risco e UV que protege contra os raios ultravioleta;<br \/>\nSistema de troca r\u00e1pida da viseira, para facilitar o uso das viseiras recomendadas em situa\u00e7\u00f5es diurnas e noturnas;<br \/>\nCinta jugular com engate microm\u00e9trico para maior praticidade, conforto e seguran\u00e7a;<br \/>\nNarigueira remov\u00edvel, item que auxilia na redu\u00e7\u00e3o do emba\u00e7amento na viseira, evitando que o ar quente da respira\u00e7\u00e3o se choque diretamente na viseira;<br \/>\nBavete remov\u00edvel, item indispens\u00e1vel na redu\u00e7\u00e3o do vento interno, proporciona maior conforto.<\/p>\n<p>Para saber o tamanho adequado, medir circunfer\u00eancia da<br \/>\ncabe\u00e7a na altura da testa.<\/p>\n<p>imagens meramente ilustrativas<\/p>\n","protected":false},"featured_media":1015,"template":"","meta":[],"product_brand":[],"product_cat":[53],"product_tag":[],"class_list":{"0":"post-463","1":"product","2":"type-product","3":"status-publish","4":"has-post-thumbnail","6":"product_cat-mt","7":"pa_cor-white-green","8":"pa_tamanho-62-xl","10":"first","11":"outofstock","12":"purchasable","13":"product-type-variable"},"_links":{"self":[{"href":"https:\/\/personalbiker.com.br\/lojapb\/wp-json\/wp\/v2\/product\/463","targetHints":{"allow":["GET"]}}],"collection":[{"href":"https:\/\/personalbiker.com.br\/lojapb\/wp-json\/wp\/v2\/product"}],"about":[{"href":"https:\/\/personalbiker.com.br\/lojapb\/wp-json\/wp\/v2\/types\/product"}],"wp:featuredmedia":[{"embeddable":true,"href":"https:\/\/personalbiker.com.br\/lojapb\/wp-json\/wp\/v2\/media\/1015"}],"wp:attachment":[{"href":"https:\/\/personalbiker.com.br\/lojapb\/wp-json\/wp\/v2\/media?parent=463"}],"wp:term":[{"taxonomy":"product_brand","embeddable":true,"href":"https:\/\/personalbiker.com.br\/lojapb\/wp-json\/wp\/v2\/product_brand?post=463"},{"taxonomy":"product_cat","embeddable":true,"href":"https:\/\/personalbiker.com.br\/lojapb\/wp-json\/wp\/v2\/product_cat?post=463"},{"taxonomy":"product_tag","embeddable":true,"href":"https:\/\/personalbiker.com.br\/lojapb\/wp-json\/wp\/v2\/product_tag?post=463"}],"curies":[{"name":"wp","href":"https:\/\/api.w.org\/{rel}","templated":true}]}}