{"id":4352,"date":"2019-04-10T09:49:17","date_gmt":"2019-04-10T12:49:17","guid":{"rendered":"http:\/\/personalbiker.com.br\/lojapb\/?post_type=product&#038;p=4352"},"modified":"2019-09-25T16:22:49","modified_gmt":"2019-09-25T19:22:49","slug":"capa-motos-shanna-xg-ggg","status":"publish","type":"product","link":"https:\/\/personalbiker.com.br\/lojapb\/produto\/capa-motos-shanna-xg-ggg\/","title":{"rendered":"CAPA MOTOS SHANNA XGG (GGG)"},"content":{"rendered":"","protected":false},"excerpt":{"rendered":"<p>Proteja a pintura e bancos de sua moto do Sol, Chuva, Poeira, Maresia, Seiva das Plantas, e insetos<\/p>\n<p>Capa em Corino de primeira qualidade em feltro em toda parte interna<\/p>\n<p>super resistente<\/p>\n<p>protege a moto por completo<\/p>\n<p>op\u00e7\u00e3o de\u00a0 acabamento\u00a0 na barra na barra com corda ou cabo<\/p>\n<p>corrente e cadeado<\/p>\n<p>N\u00e3o Risca a Pintura da Moto<br \/>\n\u2022 Ideal para Quem N\u00e3o Possui Garagem Coberta<br \/>\n\u2022 F\u00e1cil Aplica\u00e7\u00e3o com El\u00e1stico<\/p>\n<p>&nbsp;<\/p>\n<p>ATEN\u00c7\u00c3O N\u00c3O COLOCAR A CAPA COM O MOTOR QUENTE<\/p>\n<p>IMAGENS MERAMENTE ILUSTRATIVAS<\/p>\n","protected":false},"featured_media":4365,"template":"","meta":[],"product_brand":[],"product_cat":[220],"product_tag":[],"class_list":{"0":"post-4352","1":"product","2":"type-product","3":"status-publish","4":"has-post-thumbnail","6":"product_cat-capa-para-motos","7":"pa_tamanho-exg","9":"first","10":"outofstock","11":"shipping-taxable","12":"purchasable","13":"product-type-variable"},"_links":{"self":[{"href":"https:\/\/personalbiker.com.br\/lojapb\/wp-json\/wp\/v2\/product\/4352","targetHints":{"allow":["GET"]}}],"collection":[{"href":"https:\/\/personalbiker.com.br\/lojapb\/wp-json\/wp\/v2\/product"}],"about":[{"href":"https:\/\/personalbiker.com.br\/lojapb\/wp-json\/wp\/v2\/types\/product"}],"wp:featuredmedia":[{"embeddable":true,"href":"https:\/\/personalbiker.com.br\/lojapb\/wp-json\/wp\/v2\/media\/4365"}],"wp:attachment":[{"href":"https:\/\/personalbiker.com.br\/lojapb\/wp-json\/wp\/v2\/media?parent=4352"}],"wp:term":[{"taxonomy":"product_brand","embeddable":true,"href":"https:\/\/personalbiker.com.br\/lojapb\/wp-json\/wp\/v2\/product_brand?post=4352"},{"taxonomy":"product_cat","embeddable":true,"href":"https:\/\/personalbiker.com.br\/lojapb\/wp-json\/wp\/v2\/product_cat?post=4352"},{"taxonomy":"product_tag","embeddable":true,"href":"https:\/\/personalbiker.com.br\/lojapb\/wp-json\/wp\/v2\/product_tag?post=4352"}],"curies":[{"name":"wp","href":"https:\/\/api.w.org\/{rel}","templated":true}]}}