{"id":435,"date":"2016-07-12T14:32:41","date_gmt":"2016-07-12T14:32:41","guid":{"rendered":"http:\/\/personalbiker.com.br\/lojapb\/?product=ff358"},"modified":"2019-05-07T13:35:25","modified_gmt":"2019-05-07T16:35:25","slug":"ff358","status":"publish","type":"product","link":"https:\/\/personalbiker.com.br\/lojapb\/produto\/ff358\/","title":{"rendered":"Capacete LS2 FF358 CORPS"},"content":{"rendered":"","protected":false},"excerpt":{"rendered":"<p>Capacete aerodin\u00e2mico em resina termopl\u00e1stica ABC de alta press\u00e3o HPTT;<br \/>\n&#8211; Forra\u00e7\u00e3o confort\u00e1vel em tecido Dry Confort com tratamento higi\u00eanico remov\u00edvel e lav\u00e1vel;<br \/>\n&#8211; Interior preparado para instalar intercomunicadores;<br \/>\n&#8211; Viseira de 2mm com alta resist\u00eancia a impacto, boa qualidade \u00f3ptica e proporciona \u00f3tima vis\u00e3o e com alta flexibilidade;<br \/>\n&#8211; Cinta jugular com sistema de engate microm\u00e9trico;<br \/>\n&#8211; Sistema de fixa\u00e7\u00e3o de viseira que facilita a troca r\u00e1pida sem auxilio de ferramentas;<br \/>\n&#8211; Bavete e narigueira remov\u00edveis;<br \/>\n&#8211; Dois pontos de entrada de ar e dois de sa\u00edda;<br \/>\n&#8211; Pintura com tratamento em verniz anti-UV.<\/p>\n<p>Imagens meramente ilustrativas<\/p>\n<p>Para saber o tamanho adequado, medir circunfer\u00eancia da<br \/>\ncabe\u00e7a na altura da testa.<\/p>\n","protected":false},"featured_media":969,"template":"","meta":[],"product_brand":[],"product_cat":[56],"product_tag":[],"class_list":{"0":"post-435","1":"product","2":"type-product","3":"status-publish","4":"has-post-thumbnail","6":"product_cat-ls2","7":"pa_cor-preto-verde-vermelho","8":"pa_tamanho-74","10":"first","11":"outofstock","12":"purchasable","13":"product-type-variable"},"_links":{"self":[{"href":"https:\/\/personalbiker.com.br\/lojapb\/wp-json\/wp\/v2\/product\/435","targetHints":{"allow":["GET"]}}],"collection":[{"href":"https:\/\/personalbiker.com.br\/lojapb\/wp-json\/wp\/v2\/product"}],"about":[{"href":"https:\/\/personalbiker.com.br\/lojapb\/wp-json\/wp\/v2\/types\/product"}],"wp:featuredmedia":[{"embeddable":true,"href":"https:\/\/personalbiker.com.br\/lojapb\/wp-json\/wp\/v2\/media\/969"}],"wp:attachment":[{"href":"https:\/\/personalbiker.com.br\/lojapb\/wp-json\/wp\/v2\/media?parent=435"}],"wp:term":[{"taxonomy":"product_brand","embeddable":true,"href":"https:\/\/personalbiker.com.br\/lojapb\/wp-json\/wp\/v2\/product_brand?post=435"},{"taxonomy":"product_cat","embeddable":true,"href":"https:\/\/personalbiker.com.br\/lojapb\/wp-json\/wp\/v2\/product_cat?post=435"},{"taxonomy":"product_tag","embeddable":true,"href":"https:\/\/personalbiker.com.br\/lojapb\/wp-json\/wp\/v2\/product_tag?post=435"}],"curies":[{"name":"wp","href":"https:\/\/api.w.org\/{rel}","templated":true}]}}